{"id":3934,"date":"2025-04-12T09:50:19","date_gmt":"2025-04-12T09:50:19","guid":{"rendered":"https:\/\/unimaxcn.com\/?post_type=product&#038;p=3934"},"modified":"2025-04-13T01:41:11","modified_gmt":"2025-04-13T01:41:11","slug":"19-inch-brush-chipper-ub1600","status":"publish","type":"product","link":"https:\/\/unimaxcn.com\/pt\/product\/triturador-de-escova-de-19-polegadas-ub1600\/","title":{"rendered":"Picadora de escovas de 19 polegadas UB1600"},"content":{"rendered":"<div class=\"elementor-element elementor-element-de0eaba elementor-widget elementor-widget-heading\" data-id=\"de0eaba\" data-element_type=\"widget\" data-widget_type=\"heading.default\">\n<div class=\"elementor-widget-container\">\n<h2 class=\"elementor-heading-title elementor-size-default\"><span style=\"font-family: helvetica, arial, sans-serif; font-size: 30px; color: #333333;\">Descri\u00e7\u00e3o<\/span><\/h2>\n<p><span style=\"font-family: Arial; color: #000000;\">O triturador de escova UB1600 \u00e9 um equipamento de corte de material avan\u00e7ado. Esta m\u00e1quina tem vantagens de muitos outros trituradores de madeira e \u00e9 fabricada com base na teoria de corte e cisalhamento. Ao projetar a m\u00e1quina, o engenheiro tem em considera\u00e7\u00e3o a seguran\u00e7a do sistema de alimenta\u00e7\u00e3o. O sistema profissional de dete\u00e7\u00e3o de velocidade e feedback pode reduzir a press\u00e3o sobre as pe\u00e7as do motor e melhorar a efici\u00eancia do trabalho do operador. Se o material de alimenta\u00e7\u00e3o for demasiado grande ou demasiado duro, ou se o motor a gas\u00f3leo estiver sobrecarregado, este sistema passar\u00e1 automaticamente da alimenta\u00e7\u00e3o cont\u00ednua para a alimenta\u00e7\u00e3o intermitente. Se ocorrer um encravamento, o operador pode controlar a m\u00e1quina manualmente e inverter o rolo de alimenta\u00e7\u00e3o. Al\u00e9m disso, o g\u00e1s residual do motor diesel est\u00e1 ligado diretamente \u00e0 c\u00e2mara de tritura\u00e7\u00e3o, o que aumenta a pot\u00eancia de descarga.<\/span><br \/>\n<span style=\"font-family: Arial; color: #000000;\">O triturador de escova UB1600 \u00e9 usado principalmente para triturar troncos, ramos, troncos subdimensionados, restos de corte de madeira, arbustos, etc. para preparar material na f\u00e1brica de papel, f\u00e1brica de placa de densidade e usina de energia de biomassa. <\/span><br \/>\n<span style=\"font-family: Arial; color: #000000;\">Quando a m\u00e1quina est\u00e1 a trabalhar, o material pode ser picado r\u00e1pida e eficazmente na c\u00e2mara de picagem. A m\u00e1quina \u00e9 caracterizada por robustez e durabilidade, alta capacidade de produ\u00e7\u00e3o, baixo consumo de energia e qualidade de picagem uniforme, bem como baixo ru\u00eddo, sem polui\u00e7\u00e3o, f\u00e1cil opera\u00e7\u00e3o e f\u00e1cil manuten\u00e7\u00e3o.<\/span><\/p>\n<p><img fetchpriority=\"high\" decoding=\"async\" class=\"wp-image-3751 size-full aligncenter\" src=\"data:image\/svg+xml,%3Csvg%20xmlns%3D&#39;http%3A%2F%2Fwww.w3.org%2F2000%2Fsvg&#39;%20width=&#39;1200&#39;%20height=&#39;385&#39;%20viewBox%3D&#39;0%200%201200%20385&#39;%2F%3E\" data-czlz data-src=\"https:\/\/unimaxcn.com\/wp-content\/uploads\/2025\/04\/Wood-and-Bamboo-Multipurpose-Diesel-Drum-Wood-Chipper-6.avif\" alt=\"\" width=\"1200\" height=\"385\" data-srcset=\"https:\/\/unimaxcn.com\/wp-content\/uploads\/2025\/04\/Wood-and-Bamboo-Multipurpose-Diesel-Drum-Wood-Chipper-6.avif 1200w, https:\/\/unimaxcn.com\/wp-content\/uploads\/2025\/04\/Wood-and-Bamboo-Multipurpose-Diesel-Drum-Wood-Chipper-6-300x96.avif 300w, https:\/\/unimaxcn.com\/wp-content\/uploads\/2025\/04\/Wood-and-Bamboo-Multipurpose-Diesel-Drum-Wood-Chipper-6-1024x329.avif 1024w, https:\/\/unimaxcn.com\/wp-content\/uploads\/2025\/04\/Wood-and-Bamboo-Multipurpose-Diesel-Drum-Wood-Chipper-6-768x246.avif 768w, https:\/\/unimaxcn.com\/wp-content\/uploads\/2025\/04\/Wood-and-Bamboo-Multipurpose-Diesel-Drum-Wood-Chipper-6-600x193.avif 600w, https:\/\/unimaxcn.com\/wp-content\/uploads\/2025\/04\/Wood-and-Bamboo-Multipurpose-Diesel-Drum-Wood-Chipper-6-1000x321.avif 1000w\" data-sizes=\"(max-width: 1200px) 100vw, 1200px\" \/><\/p>\n<\/div>\n<\/div>\n<div class=\"elementor-element elementor-element-0f2b9a3 elementor-widget elementor-widget-text-editor\" data-id=\"0f2b9a3\" data-element_type=\"widget\" data-widget_type=\"text-editor.default\">\n<div class=\"elementor-widget-container\">\n<div class=\"elementor elementor-1759 elementor-location-single post-1749 product type-product status-publish has-post-thumbnail product_cat-tub-grinders first instock shipping-taxable product-type-simple product\" data-elementor-type=\"product\" data-elementor-id=\"1759\" data-elementor-post-type=\"elementor_library\">\n<div class=\"elementor-element elementor-element-940b1ba e-flex e-con-boxed e-con e-parent e-lazyloaded\" data-id=\"940b1ba\" data-element_type=\"container\">\n<div class=\"e-con-inner\">\n<div class=\"elementor-element elementor-element-dbee17c elementor-widget elementor-widget-text-editor\" data-id=\"dbee17c\" data-element_type=\"widget\" data-widget_type=\"text-editor.default\">\n<div class=\"elementor-widget-container\">\n<div class=\"entm-row_wrap entm-type_text\">\n<section id=\"products-hot-029--5\" class=\"light pb-30\">\n<div class=\"center\">\n<div class=\"pic-box pt-10\">\n<div class=\"content-box\">\n<div class=\"img-box\">\n<div class=\"entm-row_wrap entm-type_gallerySmart\">\n<div class=\"enter_chart_content11 instantiationColorWrap\">\n<table style=\"width: 101.062%; height: 231px;\">\n<tbody>\n<tr style=\"height: 55px;\">\n<td style=\"text-align: left; height: 55px; background-color: #1f2e63; width: 14.2968%;\" width=\"106\"><span style=\"font-size: 18px; color: #ffffff;\"><strong><span style=\"font-family: Arial;\">Modelo<\/span><\/strong><\/span><\/td>\n<td style=\"text-align: center; height: 55px; background-color: #1f2e63; width: 17.1214%;\" width=\"93\"><span style=\"font-size: 18px; color: #ffffff;\"><strong><span style=\"font-family: Arial;\">UB500<\/span><\/strong><\/span><\/td>\n<td style=\"text-align: center; height: 55px; background-color: #1f2e63; width: 17.4083%;\" width=\"93\"><span style=\"font-size: 18px; color: #ffffff;\"><strong><span style=\"font-family: Arial;\">UB600<\/span><\/strong><\/span><\/td>\n<td style=\"text-align: center; height: 55px; background-color: #1f2e63; width: 17.3011%;\" width=\"93\"><span style=\"font-size: 18px; color: #ffffff;\"><strong><span style=\"font-family: Arial;\">UB900<\/span><\/strong><\/span><\/td>\n<td style=\"text-align: center; height: 55px; background-color: #1f2e63; width: 17.0864%;\" width=\"93\"><span style=\"font-size: 18px; color: #ffffff;\"><strong><span style=\"font-family: Arial;\">UB1200<\/span><\/strong><\/span><\/td>\n<td style=\"text-align: center; height: 55px; background-color: #1f2e63; width: 22.4376%;\" width=\"93\"><span style=\"font-size: 18px; color: #ffffff;\"><strong><span style=\"font-family: Arial;\">UB1600<\/span><\/strong><\/span><\/td>\n<\/tr>\n<tr style=\"height: 10px;\">\n<td style=\"text-align: left; height: 10px; width: 14.2968%;\" width=\"106\"><span style=\"font-family: Arial; color: #000000;\">Tamanho da porta de entrada<\/span><\/td>\n<td style=\"text-align: center; height: 10px; width: 17.1214%;\" width=\"93\"><span style=\"font-family: Arial; color: #000000;\">300*200mm<\/span><\/td>\n<td style=\"text-align: center; height: 10px; width: 17.4083%;\" width=\"93\"><span style=\"font-family: Arial; color: #000000;\">300*200mm<\/span><\/td>\n<td style=\"text-align: center; height: 10px; width: 17.3011%;\" width=\"93\"><span style=\"font-family: Arial; color: #000000;\">380*300mm<\/span><\/td>\n<td style=\"text-align: center; height: 10px; width: 17.0864%;\" width=\"93\"><span style=\"font-family: Arial; color: #000000;\">450*380mm<\/span><\/td>\n<td style=\"text-align: center; height: 10px; width: 22.4376%;\" width=\"93\"><span style=\"font-family: Arial; color: #000000;\">860*480mm<\/span><\/td>\n<\/tr>\n<tr style=\"height: 10px;\">\n<td style=\"text-align: left; height: 10px; width: 14.2968%;\" width=\"106\"><span style=\"font-family: Arial; color: #000000;\">Di\u00e2metro m\u00e1ximo da madeira<\/span><\/td>\n<td style=\"text-align: center; height: 10px; width: 17.1214%;\" width=\"93\"><span style=\"font-family: Arial; color: #000000;\">120 mm<\/span><\/td>\n<td style=\"text-align: center; height: 10px; width: 17.4083%;\" width=\"93\"><span style=\"font-family: Arial; color: #000000;\">150 mm<\/span><\/td>\n<td style=\"text-align: center; height: 10px; width: 17.3011%;\" width=\"93\"><span style=\"font-family: Arial; color: #000000;\">220 mm<\/span><\/td>\n<td style=\"text-align: center; height: 10px; width: 17.0864%;\" width=\"93\"><span style=\"font-family: Arial; color: #000000;\">300 mm<\/span><\/td>\n<td style=\"text-align: center; height: 10px; width: 22.4376%;\" width=\"93\"><span style=\"font-family: Arial; color: #000000;\">430 mm<\/span><\/td>\n<\/tr>\n<tr style=\"height: 10px;\">\n<td style=\"text-align: left; height: 10px; width: 14.2968%;\" width=\"106\"><span style=\"font-family: Arial; color: #000000;\">Tipo de alimenta\u00e7\u00e3o<\/span><\/td>\n<td style=\"text-align: center; height: 10px; width: 17.1214%;\" width=\"93\"><span style=\"font-family: Arial; color: #000000;\">Manual<\/span><\/td>\n<td style=\"text-align: center; height: 10px; width: 17.4083%;\" width=\"93\"><span style=\"font-family: Arial; color: #000000;\">Manual<\/span><\/td>\n<td style=\"text-align: center; height: 10px; width: 17.3011%;\" width=\"93\"><span style=\"font-family: Arial; color: #000000;\">Autom\u00e1tico<\/span><\/td>\n<td style=\"text-align: center; height: 10px; width: 17.0864%;\" width=\"93\"><span style=\"font-family: Arial; color: #000000;\">Autom\u00e1tico<\/span><\/td>\n<td style=\"text-align: center; height: 10px; width: 22.4376%;\" width=\"93\"><span style=\"font-family: Arial; color: #000000;\">Autom\u00e1tico<\/span><\/td>\n<\/tr>\n<tr style=\"height: 10px;\">\n<td style=\"text-align: left; height: 10px; width: 14.2968%;\" width=\"106\"><span style=\"font-family: Arial; color: #000000;\">Tamanho do rotor<\/span><\/td>\n<td style=\"text-align: center; height: 10px; width: 17.1214%;\" width=\"93\"><span style=\"font-family: Arial; color: #000000;\">\u03a6300*320mm<\/span><\/td>\n<td style=\"text-align: center; height: 10px; width: 17.4083%;\" width=\"93\"><span style=\"font-family: Arial; color: #000000;\">\u03a6300*330mm<\/span><\/td>\n<td style=\"text-align: center; height: 10px; width: 17.3011%;\" width=\"93\"><span style=\"font-family: Arial; color: #000000;\">\u03a6400*450mm<\/span><\/td>\n<td style=\"text-align: center; height: 10px; width: 17.0864%;\" width=\"93\"><span style=\"font-family: Arial; color: #000000;\">\u03a6500*520mm<\/span><\/td>\n<td style=\"text-align: center; height: 10px; width: 22.4376%;\" width=\"93\"><span style=\"font-family: Arial; color: #000000;\">\u03a6800*750mm<\/span><\/td>\n<\/tr>\n<tr style=\"height: 10px;\">\n<td style=\"text-align: left; height: 10px; width: 14.2968%;\" width=\"106\"><span style=\"font-family: Arial; color: #000000;\">Quantidade de l\u00e2minas<\/span><\/td>\n<td style=\"text-align: center; height: 10px; width: 17.1214%;\" width=\"93\"><span style=\"font-family: Arial; color: #000000;\">5 unidades<\/span><\/td>\n<td style=\"text-align: center; height: 10px; width: 17.4083%;\" width=\"93\"><span style=\"font-family: Arial; color: #000000;\">5 unidades<\/span><\/td>\n<td style=\"text-align: center; height: 10px; width: 17.3011%;\" width=\"93\"><span style=\"font-family: Arial; color: #000000;\">5 unidades<\/span><\/td>\n<td style=\"text-align: center; height: 10px; width: 17.0864%;\" width=\"93\"><span style=\"font-family: Arial; color: #000000;\">5 unidades<\/span><\/td>\n<td style=\"text-align: center; height: 10px; width: 22.4376%;\" width=\"93\"><span style=\"font-family: Arial; color: #000000;\">9 pe\u00e7as<\/span><\/td>\n<\/tr>\n<tr style=\"height: 33px;\">\n<td style=\"text-align: left; height: 33px; width: 14.2968%;\" width=\"106\"><span style=\"font-family: Arial; color: #000000;\">Tipo de motor<\/span><\/td>\n<td style=\"text-align: center; height: 33px; width: 17.1214%;\" width=\"93\"><span style=\"font-family: Arial; color: #000000;\">motor diesel \/ Motor<\/span><\/td>\n<td style=\"text-align: center; height: 33px; width: 17.4083%;\" width=\"93\"><span style=\"font-family: Arial; color: #000000;\">motor diesel \/ Motor<\/span><\/td>\n<td style=\"text-align: center; height: 33px; width: 17.3011%;\" width=\"93\"><span style=\"font-family: Arial; color: #000000;\">motor diesel \/ Motor<\/span><\/td>\n<td style=\"text-align: center; height: 33px; width: 17.0864%;\" width=\"93\"><span style=\"font-family: Arial; color: #000000;\">motor diesel \/ Motor<\/span><\/td>\n<td style=\"text-align: center; height: 33px; width: 22.4376%;\" width=\"93\"><span style=\"font-family: Arial; color: #000000;\">motor diesel \/ Motor<\/span><\/td>\n<\/tr>\n<tr style=\"height: 10px;\">\n<td style=\"text-align: left; height: 10px; width: 14.2968%;\" width=\"106\"><span style=\"font-family: Arial; color: #000000;\">Pot\u00eancia do motor<\/span><\/td>\n<td style=\"text-align: center; height: 10px; width: 17.1214%;\" width=\"93\"><span style=\"font-family: Arial; color: #000000;\">35HP 1 cilindro<\/span><\/td>\n<td style=\"text-align: center; height: 10px; width: 17.4083%;\" width=\"93\"><span style=\"font-family: Arial; color: #000000;\">55HP 4 cilindros.<\/span><\/td>\n<td style=\"text-align: center; height: 10px; width: 17.3011%;\" width=\"93\"><span style=\"font-family: Arial; color: #000000;\">80HP 4 cilindros.<\/span><\/td>\n<td style=\"text-align: center; height: 10px; width: 17.0864%;\" width=\"93\"><span style=\"font-family: Arial; color: #000000;\">102HP 4 cilindros.<\/span><\/td>\n<td style=\"text-align: center; height: 10px; width: 22.4376%;\" width=\"93\"><span style=\"font-family: Arial; color: #000000;\">235HP 4 cilindros.<\/span><\/td>\n<\/tr>\n<tr style=\"height: 10px;\">\n<td style=\"text-align: left; height: 10px; width: 14.2968%;\" width=\"106\"><span style=\"font-family: Arial; color: #000000;\">Velocidade de rota\u00e7\u00e3o<\/span><\/td>\n<td style=\"text-align: center; height: 10px; width: 17.1214%;\" width=\"93\"><span style=\"font-family: Arial; color: #000000;\">3000 rpm<\/span><\/td>\n<td style=\"text-align: center; height: 10px; width: 17.4083%;\" width=\"93\"><span style=\"font-family: Arial; color: #000000;\">3000 rpm<\/span><\/td>\n<td style=\"text-align: center; height: 10px; width: 17.3011%;\" width=\"93\"><span style=\"font-family: Arial; color: #000000;\">2600 rpm<\/span><\/td>\n<td style=\"text-align: center; height: 10px; width: 17.0864%;\" width=\"93\"><span style=\"font-family: Arial; color: #000000;\">2600 rpm<\/span><\/td>\n<td style=\"text-align: center; height: 10px; width: 22.4376%;\" width=\"93\"><span style=\"font-family: Arial; color: #000000;\">1600 rpm<\/span><\/td>\n<\/tr>\n<tr style=\"height: 18px;\">\n<td style=\"text-align: left; height: 18px; width: 14.2968%;\" width=\"106\"><span style=\"font-family: Arial; color: #000000;\">Capacidade<\/span><\/td>\n<td style=\"text-align: center; height: 18px; width: 17.1214%;\" width=\"93\"><span style=\"font-family: Arial; color: #000000;\">1-2 TPH<\/span><\/td>\n<td style=\"text-align: center; height: 18px; width: 17.4083%;\" width=\"93\"><span style=\"font-family: Arial; color: #000000;\">2-3 TPH<\/span><\/td>\n<td style=\"text-align: center; height: 18px; width: 17.3011%;\" width=\"93\"><span style=\"font-family: Arial; color: #000000;\">3-5 TPH<\/span><\/td>\n<td style=\"text-align: center; height: 18px; width: 17.0864%;\" width=\"93\"><span style=\"font-family: Arial; color: #000000;\">5-6 TPH<\/span><\/td>\n<td style=\"text-align: center; height: 18px; width: 22.4376%;\" width=\"93\"><span style=\"font-family: Arial; color: #000000;\">6-8 TPH<\/span><\/td>\n<\/tr>\n<tr style=\"height: 26px;\">\n<td style=\"text-align: left; height: 26px; width: 14.2968%;\" width=\"106\"><span style=\"font-family: Arial; color: #000000;\">Dimens\u00e3o<\/span><\/td>\n<td style=\"text-align: center; height: 26px; width: 17.1214%;\" width=\"93\"><span style=\"font-family: Arial; color: #000000;\">2450*1300*180mm<\/span><\/td>\n<td style=\"text-align: center; height: 26px; width: 17.4083%;\" width=\"93\"><span style=\"font-family: Arial; color: #000000;\">2450*1300*1800mm<\/span><\/td>\n<td style=\"text-align: center; height: 26px; width: 17.3011%;\" width=\"93\"><span style=\"font-family: Arial; color: #000000;\">3680*1600*3000mm<\/span><\/td>\n<td style=\"text-align: center; height: 26px; width: 17.0864%;\" width=\"93\"><span style=\"font-family: Arial; color: #000000;\">3900*1800*2400mm<\/span><\/td>\n<td style=\"text-align: center; height: 26px; width: 22.4376%;\" width=\"93\"><span style=\"font-family: Arial; color: #000000;\">5600*2200*2900mm<\/span><\/td>\n<\/tr>\n<tr style=\"height: 29px;\">\n<td style=\"text-align: left; height: 29px; width: 14.2968%;\" width=\"106\"><span style=\"font-family: Arial; color: #000000;\">Peso<\/span><\/td>\n<td style=\"text-align: center; height: 29px; width: 17.1214%;\" width=\"93\"><span style=\"font-family: Arial; color: #000000;\">0.9 t<\/span><\/td>\n<td style=\"text-align: center; height: 29px; width: 17.4083%;\" width=\"93\"><span style=\"font-family: Arial; color: #000000;\">1 t<\/span><\/td>\n<td style=\"text-align: center; height: 29px; width: 17.3011%;\" width=\"93\"><span style=\"font-family: Arial; color: #000000;\">1.7 t<\/span><\/td>\n<td style=\"text-align: center; height: 29px; width: 17.0864%;\" width=\"93\"><span style=\"font-family: Arial; color: #000000;\">2.1 t<\/span><\/td>\n<td style=\"text-align: center; height: 29px; width: 22.4376%;\" width=\"93\"><span style=\"font-family: Arial; color: #000000;\">3.2 t<\/span><\/td>\n<\/tr>\n<\/tbody>\n<\/table>\n<\/div>\n<\/div>\n<\/div>\n<\/div>\n<\/div>\n<\/div>\n<\/section>\n<\/div>\n<\/div>\n<\/div>\n<\/div>\n<\/div>\n<\/div>\n<\/div>\n<\/div>","protected":false},"excerpt":{"rendered":"<h3><span style=\"font-family: Arial; color: #000000;\">Picadora de escovas de 19 polegadas UB1600\u00a0<\/span><\/h3>\n<p><span","protected":false},"featured_media":3948,"comment_status":"open","ping_status":"closed","template":"","meta":[],"product_brand":[],"product_cat":[95],"product_tag":[],"class_list":{"0":"post-3934","1":"product","2":"type-product","3":"status-publish","4":"has-post-thumbnail","6":"product_cat-brush-chippers","8":"first","9":"instock","10":"shipping-taxable","11":"product-type-simple"},"_links":{"self":[{"href":"https:\/\/unimaxcn.com\/pt\/wp-json\/wp\/v2\/product\/3934","targetHints":{"allow":["GET"]}}],"collection":[{"href":"https:\/\/unimaxcn.com\/pt\/wp-json\/wp\/v2\/product"}],"about":[{"href":"https:\/\/unimaxcn.com\/pt\/wp-json\/wp\/v2\/types\/product"}],"replies":[{"embeddable":true,"href":"https:\/\/unimaxcn.com\/pt\/wp-json\/wp\/v2\/comments?post=3934"}],"wp:featuredmedia":[{"embeddable":true,"href":"https:\/\/unimaxcn.com\/pt\/wp-json\/wp\/v2\/media\/3948"}],"wp:attachment":[{"href":"https:\/\/unimaxcn.com\/pt\/wp-json\/wp\/v2\/media?parent=3934"}],"wp:term":[{"taxonomy":"product_brand","embeddable":true,"href":"https:\/\/unimaxcn.com\/pt\/wp-json\/wp\/v2\/product_brand?post=3934"},{"taxonomy":"product_cat","embeddable":true,"href":"https:\/\/unimaxcn.com\/pt\/wp-json\/wp\/v2\/product_cat?post=3934"},{"taxonomy":"product_tag","embeddable":true,"href":"https:\/\/unimaxcn.com\/pt\/wp-json\/wp\/v2\/product_tag?post=3934"}],"curies":[{"name":"wp","href":"https:\/\/api.w.org\/{rel}","templated":true}]}}