{"id":2363,"date":"2025-03-25T11:24:17","date_gmt":"2025-03-25T11:24:17","guid":{"rendered":"https:\/\/unimaxcn.com\/?post_type=product&#038;p=2363"},"modified":"2026-01-21T16:12:44","modified_gmt":"2026-01-21T16:12:44","slug":"wdl1080-horizontal-grinder","status":"publish","type":"product","link":"https:\/\/unimaxcn.com\/pt\/product\/wdl1080-horizontal-grinder\/","title":{"rendered":"WDL1080 Horizontal Grinder"},"content":{"rendered":"<div class=\"elementor-element elementor-element-de0eaba elementor-widget elementor-widget-heading\" data-id=\"de0eaba\" data-element_type=\"widget\" data-widget_type=\"heading.default\">\n<div class=\"elementor-widget-container\">\n<h2 class=\"elementor-heading-title elementor-size-default\"><span style=\"font-family: helvetica, arial, sans-serif; font-size: 30px; color: #333333;\">Descri\u00e7\u00e3o<\/span><\/h2>\n<p><span style=\"font-family: Arial; color: #000000;\">Unimax WD series Horizontal Grinder is designed to efficiently process yard waste, brush, and mixed woody feedstock into saleable products, making it an ideal choice for niche markets such as municipal recycling, pallet recycling, lot clearing, nurseries, and processing tree care debris. <\/span><span style=\"font-family: Arial; color: #000000;\">Alimentar \u00e1rvores inteiras e outros materiais longos com menos restri\u00e7\u00f5es gra\u00e7as \u00e0s grandes aberturas de alimenta\u00e7\u00e3o e \u00e0s paredes laterais baixas. Com um sistema inteligente de alimenta\u00e7\u00e3o por corrente que pode ajustar automaticamente a velocidade de alimenta\u00e7\u00e3o para evitar o funcionamento sem carga quando a m\u00e1quina est\u00e1 a funcionar a plena carga, tornando a alimenta\u00e7\u00e3o mais suave e melhorando consideravelmente a capacidade de produ\u00e7\u00e3o.<\/span><\/p>\n<\/div>\n<\/div>\n<div class=\"elementor-element elementor-element-0f2b9a3 elementor-widget elementor-widget-text-editor\" data-id=\"0f2b9a3\" data-element_type=\"widget\" data-widget_type=\"text-editor.default\">\n<div class=\"elementor-widget-container\">\n<div class=\"elementor elementor-1759 elementor-location-single post-1749 product type-product status-publish has-post-thumbnail product_cat-tub-grinders first instock shipping-taxable product-type-simple product\" data-elementor-type=\"product\" data-elementor-id=\"1759\" data-elementor-post-type=\"elementor_library\">\n<div class=\"elementor-element elementor-element-940b1ba e-flex e-con-boxed e-con e-parent e-lazyloaded\" data-id=\"940b1ba\" data-element_type=\"container\">\n<div class=\"e-con-inner\">\n<div class=\"elementor-element elementor-element-dbee17c elementor-widget elementor-widget-text-editor\" data-id=\"dbee17c\" data-element_type=\"widget\" data-widget_type=\"text-editor.default\">\n<div class=\"elementor-widget-container\">\n<div class=\"entm-row_wrap entm-type_text\">\n<section id=\"products-hot-029--5\" class=\"light pb-30\">\n<div class=\"center\">\n<div class=\"pic-box pt-10\">\n<div class=\"content-box\">\n<div class=\"img-box\">\n<div class=\"entm-row_wrap entm-type_gallerySmart\">\n<div class=\"enter_chart_content11 instantiationColorWrap\">\n<div class=\"content\">\n<table style=\"width: 100.637%;\">\n<tbody>\n<tr>\n<td style=\"width: 21.3889%; text-align: left; background-color: #1f2e61;\" width=\"104\"><span style=\"font-family: Arial; color: #ffffff; font-size: 18px;\"><strong><b>Modelo<\/b><\/strong><\/span><\/td>\n<td style=\"width: 22.313%; background-color: #1f2e61;\" width=\"83\"><span style=\"font-family: Arial; color: #ffffff; font-size: 18px;\"><strong><b>WDL1080<\/b><\/strong><\/span><\/td>\n<td style=\"width: 20.243%; background-color: #1f2e61;\" width=\"86\"><span style=\"font-family: Arial; color: #ffffff; font-size: 18px;\"><strong><b>WDL1380<\/b><\/strong><\/span><\/td>\n<td style=\"width: 21.3908%; background-color: #1f2e61;\" width=\"81\"><span style=\"font-family: Arial; color: #ffffff; font-size: 18px;\"><strong><b>WDL1690<\/b><\/strong><\/span><\/td>\n<\/tr>\n<tr>\n<td style=\"width: 21.3889%; text-align: left;\" width=\"104\"><span style=\"font-family: Arial; color: #000000;\">Di\u00e2metro do rotor (mm)<\/span><\/td>\n<td style=\"width: 22.313%;\" width=\"83\"><span style=\"font-family: Arial; color: #000000;\">800<\/span><\/td>\n<td style=\"width: 20.243%;\" width=\"86\"><span style=\"font-family: Arial; color: #000000;\">800<\/span><\/td>\n<td style=\"width: 21.3908%;\" width=\"81\"><span style=\"font-family: Arial; color: #000000;\">1100<\/span><\/td>\n<\/tr>\n<tr>\n<td style=\"width: 21.3889%; text-align: left;\" width=\"104\"><span style=\"font-family: Arial; color: #000000;\">Frequ\u00eancia (rpm)<\/span><\/td>\n<td style=\"width: 22.313%;\" width=\"83\"><span style=\"font-family: Arial; color: #000000;\">763<\/span><\/td>\n<td style=\"width: 20.243%;\" width=\"86\"><span style=\"font-family: Arial; color: #000000;\">763<\/span><\/td>\n<td style=\"width: 21.3908%;\" width=\"81\"><span style=\"font-family: Arial; color: #000000;\">800<\/span><\/td>\n<\/tr>\n<tr>\n<td style=\"width: 21.3889%; text-align: left;\" width=\"104\"><span style=\"font-family: Arial; color: #000000;\">Pot\u00eancia do motor (hp)<\/span><\/td>\n<td style=\"width: 22.313%;\" width=\"83\"><span style=\"font-family: Arial; color: #000000;\">430<\/span><\/td>\n<td style=\"width: 20.243%;\" width=\"86\"><span style=\"font-family: Arial; color: #000000;\">430<\/span><\/td>\n<td style=\"width: 21.3908%;\" width=\"81\"><span style=\"font-family: Arial; color: #000000;\">550<\/span><\/td>\n<\/tr>\n<tr>\n<td style=\"width: 21.3889%; text-align: left;\" width=\"104\"><span style=\"font-family: Arial; color: #000000;\">Tamanho da entrada (mm)<\/span><\/td>\n<td style=\"width: 22.313%;\" width=\"83\"><span style=\"font-family: Arial; color: #000000;\">1000<\/span><\/td>\n<td style=\"width: 20.243%;\" width=\"86\"><span style=\"font-family: Arial; color: #000000;\">1400<\/span><\/td>\n<td style=\"width: 21.3908%;\" width=\"81\"><span style=\"font-family: Arial; color: #000000;\">1600<\/span><\/td>\n<\/tr>\n<tr>\n<td style=\"width: 21.3889%; text-align: left;\" width=\"104\"><span style=\"font-family: Arial; color: #000000;\">Capacidade (toneladas por hora)<\/span><\/td>\n<td style=\"width: 22.313%;\" width=\"83\"><span style=\"font-family: Arial; color: #000000;\">15-25<\/span><\/td>\n<td style=\"width: 20.243%;\" width=\"86\"><span style=\"font-family: Arial; color: #000000;\">20-30<\/span><\/td>\n<td style=\"width: 21.3908%;\" width=\"81\"><span style=\"font-family: Arial; color: #000000;\">30-40<\/span><\/td>\n<\/tr>\n<tr>\n<td style=\"width: 21.3889%; text-align: left;\" width=\"104\"><span style=\"font-family: Arial; color: #000000;\">Peso (T)<\/span><\/td>\n<td style=\"width: 22.313%;\" width=\"83\"><span style=\"font-family: Arial; color: #000000;\">16<\/span><\/td>\n<td style=\"width: 20.243%;\" width=\"86\"><span style=\"font-family: Arial; color: #000000;\">19<\/span><\/td>\n<td style=\"width: 21.3908%;\" width=\"81\"><span style=\"font-family: Arial; color: #000000;\">21<\/span><\/td>\n<\/tr>\n<tr>\n<td style=\"width: 21.3889%; text-align: left;\" width=\"104\"><span style=\"font-family: Arial; color: #000000;\">Tamanho L*W*H(mm)<\/span><\/td>\n<td style=\"width: 22.313%;\" width=\"83\"><span style=\"font-family: Arial; color: #000000;\">11000*2900*3400<\/span><\/td>\n<td style=\"width: 20.243%;\" width=\"86\"><span style=\"font-family: Arial; color: #000000;\">11000*3000*3400<\/span><\/td>\n<td style=\"width: 21.3908%;\" width=\"81\"><span style=\"font-family: Arial; color: #000000;\">11000*3000*3900<\/span><\/td>\n<\/tr>\n<\/tbody>\n<\/table>\n<\/div>\n<\/div>\n<\/div>\n<\/div>\n<\/div>\n<\/div>\n<\/div>\n<\/section>\n<\/div>\n<div class=\"entm-row_wrap entm-type_gallerySmart\">\n<div class=\"enter_chart_content11 instantiationColorWrap\">\n<div class=\"&quot;co&lt;\/p\"><\/div>\n<\/div>\n<\/div>\n<\/div>\n<\/div>\n<\/div>\n<\/div>\n<\/div>\n<\/div>\n<\/div>","protected":false},"excerpt":{"rendered":"<h3><span style=\"font-family: Arial;\"><strong>WDL1080 Horizontal Grinder<\/strong><\/span><\/h3>\n<p><span style=\"font-family: Arial; color: #000000;\">WDL1080 Horizontal Grinder &#8230; <\/p>","protected":false},"featured_media":4216,"comment_status":"closed","ping_status":"closed","template":"","meta":[],"product_brand":[],"product_cat":[15],"product_tag":[],"class_list":{"0":"post-2363","1":"product","2":"type-product","3":"status-publish","4":"has-post-thumbnail","6":"product_cat-horizontal-grinders","8":"first","9":"instock","10":"shipping-taxable","11":"product-type-simple"},"_links":{"self":[{"href":"https:\/\/unimaxcn.com\/pt\/wp-json\/wp\/v2\/product\/2363","targetHints":{"allow":["GET"]}}],"collection":[{"href":"https:\/\/unimaxcn.com\/pt\/wp-json\/wp\/v2\/product"}],"about":[{"href":"https:\/\/unimaxcn.com\/pt\/wp-json\/wp\/v2\/types\/product"}],"replies":[{"embeddable":true,"href":"https:\/\/unimaxcn.com\/pt\/wp-json\/wp\/v2\/comments?post=2363"}],"wp:featuredmedia":[{"embeddable":true,"href":"https:\/\/unimaxcn.com\/pt\/wp-json\/wp\/v2\/media\/4216"}],"wp:attachment":[{"href":"https:\/\/unimaxcn.com\/pt\/wp-json\/wp\/v2\/media?parent=2363"}],"wp:term":[{"taxonomy":"product_brand","embeddable":true,"href":"https:\/\/unimaxcn.com\/pt\/wp-json\/wp\/v2\/product_brand?post=2363"},{"taxonomy":"product_cat","embeddable":true,"href":"https:\/\/unimaxcn.com\/pt\/wp-json\/wp\/v2\/product_cat?post=2363"},{"taxonomy":"product_tag","embeddable":true,"href":"https:\/\/unimaxcn.com\/pt\/wp-json\/wp\/v2\/product_tag?post=2363"}],"curies":[{"name":"wp","href":"https:\/\/api.w.org\/{rel}","templated":true}]}}