{"id":2303,"date":"2025-03-25T06:58:43","date_gmt":"2025-03-25T06:58:43","guid":{"rendered":"https:\/\/unimaxcn.com\/?post_type=product&#038;p=2303"},"modified":"2026-01-21T12:13:29","modified_gmt":"2026-01-21T12:13:29","slug":"wdl3300-tub-grinder","status":"publish","type":"product","link":"https:\/\/unimaxcn.com\/pt\/product\/wdl3300-tub-grinder\/","title":{"rendered":"WDL3300 Tub grinder"},"content":{"rendered":"<div class=\"elementor-element elementor-element-de0eaba elementor-widget elementor-widget-heading\" data-id=\"de0eaba\" data-element_type=\"widget\" data-widget_type=\"heading.default\">\n<div class=\"elementor-widget-container\">\n<h2 class=\"elementor-heading-title elementor-size-default\"><span style=\"font-family: helvetica, arial, sans-serif; font-size: 30px; color: #333333;\">Descri\u00e7\u00e3o<\/span><\/h2>\n<p>&nbsp;<\/p>\n<\/div>\n<\/div>\n<div class=\"elementor-element elementor-element-f3fc7d6 elementor-widget elementor-widget-text-editor\" data-id=\"f3fc7d6\" data-element_type=\"widget\" data-widget_type=\"text-editor.default\">\n<div class=\"elementor-widget-container\">\n<p><span style=\"font-family: Arial; font-size: 16px; color: #000000;\">The Unimax WDL3300 tub grinder stands out as a top &#8211; tier and high &#8211; productivity crusher, designed with remarkable versatility. It is particularly well &#8211; suited for handling diverse batches of straw crushing tasks or wood crushing operations. One of its distinct advantages is its mobility, allowing for seamless and flexible movement during field operations, which significantly enhances its usability in different work environments.<\/span><\/p>\n<p><span style=\"font-family: Arial; font-size: 16px; color: #000000;\">This robust machine is engineered with an eye &#8211; catching 1.8 &#8211; meter tub diameter and a 3.3 &#8211; meter tub opening. These dimensions not only contribute to its large &#8211; capacity processing ability but also enable it to handle a substantial volume of materials at once. Equipped with a powerful Weichai 430HP engine, the Unimax WDL3300 adopts a direct &#8211; drive mode. This design ensures that the machine can efficiently convert any biomass raw materials into debris with a high level of safety. Whether it&#8217;s tough wooden logs or voluminous straw, this crusher can break them down with ease. The resulting debris can then be effectively utilized as biomass energy, playing a crucial role in promoting sustainable energy development and resource recycling in the biomass energy sector.<\/span><\/p>\n<table>\n<tbody>\n<tr>\n<td style=\"text-align: left; background-color: #1f2e61;\" width=\"232\"><strong><span style=\"font-family: Arial; color: #ffffff; font-size: 18px;\">Modelo<\/span><\/strong><\/td>\n<td style=\"background-color: #1f2e61; text-align: center;\" width=\"185\"><strong><span style=\"font-family: Arial; color: #ffffff; font-size: 18px;\">WDL3000<\/span><\/strong><\/td>\n<td style=\"width: 185px; background-color: #1f2e61; text-align: center;\" width=\"185\"><strong><span style=\"font-family: Arial; color: #ffffff; font-size: 18px;\">WDL3300<\/span><\/strong><\/td>\n<td style=\"background-color: #1f2e61; text-align: center;\" width=\"185\"><strong><span style=\"font-family: Arial; color: #ffffff; font-size: 18px;\">WDL3600<\/span><\/strong><\/td>\n<td style=\"background-color: #1f2e61; text-align: center;\" width=\"185\"><strong><span style=\"font-family: Arial; color: #ffffff; font-size: 18px;\">WDL4000<\/span><\/strong><\/td>\n<\/tr>\n<tr>\n<td style=\"text-align: left;\" width=\"232\"><span style=\"font-family: Arial; color: #000000; font-size: 16px;\">Di\u00e2metro do rotor (mm)<\/span><\/td>\n<td style=\"text-align: center;\" width=\"185\"><span style=\"font-family: Arial; color: #000000; font-size: 16px;\">600<\/span><\/td>\n<td style=\"text-align: center;\" width=\"185\"><span style=\"font-family: Arial; color: #000000; font-size: 16px;\">600<\/span><\/td>\n<td style=\"text-align: center;\" width=\"185\"><span style=\"font-family: Arial; color: #000000; font-size: 16px;\">670<\/span><\/td>\n<td style=\"text-align: center;\" width=\"185\"><span style=\"font-family: Arial; color: #000000; font-size: 16px;\">720<\/span><\/td>\n<\/tr>\n<tr>\n<td style=\"text-align: left;\" width=\"232\"><span style=\"font-family: Arial; color: #000000; font-size: 16px;\">Velocidade de rota\u00e7\u00e3o (rpm)<\/span><\/td>\n<td style=\"text-align: center;\" width=\"185\"><span style=\"font-family: Arial; color: #000000; font-size: 16px;\">960<\/span><\/td>\n<td style=\"text-align: center;\" width=\"185\"><span style=\"font-family: Arial; color: #000000; font-size: 16px;\">960<\/span><\/td>\n<td style=\"text-align: center;\" width=\"185\"><span style=\"font-family: Arial; color: #000000; font-size: 16px;\">960<\/span><\/td>\n<td style=\"text-align: center;\" width=\"185\"><span style=\"font-family: Arial; color: #000000; font-size: 16px;\">960<\/span><\/td>\n<\/tr>\n<tr>\n<td style=\"text-align: left;\" width=\"232\"><span style=\"font-family: Arial; color: #000000; font-size: 16px;\">Quantidade de l\u00e2minas (pe\u00e7a)<\/span><\/td>\n<td style=\"text-align: center;\" width=\"185\"><span style=\"font-family: Arial; color: #000000; font-size: 16px;\">10<\/span><\/td>\n<td style=\"text-align: center;\" width=\"185\"><span style=\"font-family: Arial; color: #000000; font-size: 16px;\">10<\/span><\/td>\n<td style=\"text-align: center;\" width=\"185\"><span style=\"font-family: Arial; color: #000000; font-size: 16px;\">10<\/span><\/td>\n<td style=\"text-align: center;\" width=\"185\"><span style=\"font-family: Arial; color: #000000; font-size: 16px;\">10<\/span><\/td>\n<\/tr>\n<tr>\n<td style=\"text-align: left;\" width=\"232\"><span style=\"font-family: Arial; color: #000000; font-size: 16px;\">Pot\u00eancia do motor (hp)<\/span><\/td>\n<td style=\"text-align: center;\" width=\"185\"><span style=\"font-family: Arial; color: #000000; font-size: 16px;\">430<\/span><\/td>\n<td style=\"text-align: center;\" width=\"185\"><span style=\"font-family: Arial; color: #000000; font-size: 16px;\">430<\/span><\/td>\n<td style=\"text-align: center;\" width=\"185\"><span style=\"font-family: Arial; color: #000000; font-size: 16px;\">530<\/span><\/td>\n<td style=\"text-align: center;\" width=\"185\"><span style=\"font-family: Arial; color: #000000; font-size: 16px;\">530<\/span><\/td>\n<\/tr>\n<tr>\n<td style=\"text-align: left;\" width=\"232\"><span style=\"font-family: Arial; color: #000000; font-size: 16px;\">Di\u00e2metro do disco de alimenta\u00e7\u00e3o (mm)<\/span><\/td>\n<td style=\"text-align: center;\" width=\"185\"><span style=\"font-family: Arial; color: #000000; font-size: 16px;\">3000<\/span><\/td>\n<td style=\"text-align: center;\" width=\"185\"><span style=\"font-family: Arial; color: #000000; font-size: 16px;\">3300<\/span><\/td>\n<td style=\"text-align: center;\" width=\"185\"><span style=\"font-family: Arial; color: #000000; font-size: 16px;\">3600<\/span><\/td>\n<td style=\"text-align: center;\" width=\"185\"><span style=\"font-family: Arial; color: #000000; font-size: 16px;\">4000<\/span><\/td>\n<\/tr>\n<tr>\n<td style=\"text-align: left;\" width=\"232\"><span style=\"font-family: Arial; color: #000000; font-size: 16px;\">Di\u00e2metro m\u00e1ximo do material (mm)<\/span><\/td>\n<td style=\"text-align: center;\" width=\"185\"><span style=\"font-family: Arial; color: #000000; font-size: 16px;\">1600<\/span><\/td>\n<td style=\"text-align: center;\" width=\"185\"><span style=\"font-family: Arial; color: #000000; font-size: 16px;\">1800<\/span><\/td>\n<td style=\"text-align: center;\" width=\"185\"><span style=\"font-family: Arial; color: #000000; font-size: 16px;\">2350<\/span><\/td>\n<td style=\"text-align: center;\" width=\"185\"><span style=\"font-family: Arial; color: #000000; font-size: 16px;\">2600<\/span><\/td>\n<\/tr>\n<tr>\n<td style=\"text-align: left;\" width=\"232\"><span style=\"font-family: Arial; color: #000000; font-size: 16px;\">Capacidade de produ\u00e7\u00e3o (toneladas por hora)<\/span><\/td>\n<td style=\"text-align: center;\" width=\"185\"><span style=\"font-family: Arial; color: #000000; font-size: 16px;\">10-20<\/span><\/td>\n<td style=\"text-align: center;\" width=\"185\"><span style=\"font-family: Arial; color: #000000; font-size: 16px;\">20-30<\/span><\/td>\n<td style=\"text-align: center;\" width=\"185\"><span style=\"font-family: Arial; color: #000000; font-size: 16px;\">30-40<\/span><\/td>\n<td style=\"text-align: center;\" width=\"185\"><span style=\"font-family: Arial; color: #000000; font-size: 16px;\">40-50<\/span><\/td>\n<\/tr>\n<tr>\n<td style=\"text-align: left;\" width=\"232\"><span style=\"font-family: Arial; color: #000000; font-size: 16px;\">Profundidade do disco de alimenta\u00e7\u00e3o (mm)<\/span><\/td>\n<td style=\"text-align: center;\" width=\"185\"><span style=\"font-family: Arial; color: #000000; font-size: 16px;\">1210<\/span><\/td>\n<td style=\"text-align: center;\" width=\"185\"><span style=\"font-family: Arial; color: #000000; font-size: 16px;\">1210<\/span><\/td>\n<td style=\"text-align: center;\" width=\"185\"><span style=\"font-family: Arial; color: #000000; font-size: 16px;\">1210<\/span><\/td>\n<td style=\"text-align: center;\" width=\"185\"><span style=\"font-family: Arial; color: #000000; font-size: 16px;\">1210<\/span><\/td>\n<\/tr>\n<tr>\n<td style=\"text-align: left;\" width=\"232\"><span style=\"font-family: Arial; color: #000000; font-size: 16px;\">M\u00e9todo de controlo da alimenta\u00e7\u00e3o<\/span><\/td>\n<td style=\"text-align: center;\" width=\"185\"><span style=\"font-family: Arial; color: #000000; font-size: 16px;\">controlo remoto hidr\u00e1ulico<\/span><\/td>\n<td style=\"text-align: center;\" width=\"185\"><span style=\"font-family: Arial; color: #000000; font-size: 16px;\">controlo remoto hidr\u00e1ulico<\/span><\/td>\n<td style=\"text-align: center;\" width=\"185\"><span style=\"font-family: Arial; color: #000000; font-size: 16px;\">controlo remoto hidr\u00e1ulico<\/span><\/td>\n<td style=\"text-align: center;\" width=\"185\"><span style=\"font-family: Arial; color: #000000; font-size: 16px;\">controlo remoto hidr\u00e1ulico<\/span><\/td>\n<\/tr>\n<tr>\n<td style=\"text-align: left;\" width=\"232\"><span style=\"font-family: Arial; color: #000000; font-size: 16px;\">Peso (T)<\/span><\/td>\n<td style=\"text-align: center;\" width=\"185\"><span style=\"font-family: Arial; color: #000000; font-size: 16px;\">12<\/span><\/td>\n<td style=\"text-align: center;\" width=\"185\"><span style=\"font-family: Arial; color: #000000; font-size: 16px;\">15<\/span><\/td>\n<td style=\"text-align: center;\" width=\"185\"><span style=\"font-family: Arial; color: #000000; font-size: 16px;\">17<\/span><\/td>\n<td style=\"text-align: center;\" width=\"185\"><span style=\"font-family: Arial; color: #000000; font-size: 16px;\">18<\/span><\/td>\n<\/tr>\n<tr>\n<td style=\"text-align: left;\" width=\"232\"><span style=\"font-family: Arial; color: #000000; font-size: 16px;\">Tamanho L*W*H (mm)<\/span><\/td>\n<td style=\"text-align: center;\" width=\"185\"><span style=\"font-family: Arial; color: #000000; font-size: 16px;\">6000*3000*4000<\/span><\/td>\n<td style=\"text-align: center;\" width=\"185\"><span style=\"font-family: Arial; color: #000000; font-size: 16px;\">6700*3300*4000<\/span><\/td>\n<td style=\"text-align: center;\" width=\"185\"><span style=\"font-family: Arial; color: #000000; font-size: 16px;\">7500*3600*4200<\/span><\/td>\n<td style=\"text-align: center;\" width=\"185\"><span style=\"font-family: Arial; color: #000000; font-size: 16px;\">7500*4000*4200<\/span><\/td>\n<\/tr>\n<\/tbody>\n<\/table>\n<\/div>\n<\/div>","protected":false},"excerpt":{"rendered":"<h3><span style=\"font-family: Arial;\"><strong>WDL3300 Tub Grinder<\/strong><\/span><\/h3>\n<p><span style=\"font-family: Arial; color: #000000;\">The WDL3300 Tub &#8230; <\/p>","protected":false},"featured_media":4134,"comment_status":"open","ping_status":"closed","template":"","meta":[],"product_brand":[],"product_cat":[94],"product_tag":[],"class_list":{"0":"post-2303","1":"product","2":"type-product","3":"status-publish","4":"has-post-thumbnail","6":"product_cat-tub-grinders","8":"first","9":"instock","10":"shipping-taxable","11":"product-type-simple"},"_links":{"self":[{"href":"https:\/\/unimaxcn.com\/pt\/wp-json\/wp\/v2\/product\/2303","targetHints":{"allow":["GET"]}}],"collection":[{"href":"https:\/\/unimaxcn.com\/pt\/wp-json\/wp\/v2\/product"}],"about":[{"href":"https:\/\/unimaxcn.com\/pt\/wp-json\/wp\/v2\/types\/product"}],"replies":[{"embeddable":true,"href":"https:\/\/unimaxcn.com\/pt\/wp-json\/wp\/v2\/comments?post=2303"}],"wp:featuredmedia":[{"embeddable":true,"href":"https:\/\/unimaxcn.com\/pt\/wp-json\/wp\/v2\/media\/4134"}],"wp:attachment":[{"href":"https:\/\/unimaxcn.com\/pt\/wp-json\/wp\/v2\/media?parent=2303"}],"wp:term":[{"taxonomy":"product_brand","embeddable":true,"href":"https:\/\/unimaxcn.com\/pt\/wp-json\/wp\/v2\/product_brand?post=2303"},{"taxonomy":"product_cat","embeddable":true,"href":"https:\/\/unimaxcn.com\/pt\/wp-json\/wp\/v2\/product_cat?post=2303"},{"taxonomy":"product_tag","embeddable":true,"href":"https:\/\/unimaxcn.com\/pt\/wp-json\/wp\/v2\/product_tag?post=2303"}],"curies":[{"name":"wp","href":"https:\/\/api.w.org\/{rel}","templated":true}]}}