{"id":3,"date":"2025-03-11T13:19:05","date_gmt":"2025-03-11T13:19:05","guid":{"rendered":"http:\/\/unimaxcn.com\/?page_id=3"},"modified":"2025-03-31T09:47:16","modified_gmt":"2025-03-31T09:47:16","slug":"privacy-policy","status":"publish","type":"page","link":"https:\/\/unimaxcn.com\/pt\/politica-de-privacidade\/","title":{"rendered":"Pol\u00edtica de privacidade"},"content":{"rendered":"<h2 class=\"wp-block-heading\">Quem somos<\/h2><p>O endere\u00e7o do nosso s\u00edtio Web \u00e9: http:\/\/unimaxcn.com.<\/p><h2 class=\"wp-block-heading\">Media<\/h2><p>Se o utilizador carregar imagens para o s\u00edtio Web, deve evitar carregar imagens com dados de localiza\u00e7\u00e3o incorporados (EXIF GPS). Os visitantes do s\u00edtio Web podem descarregar e extrair quaisquer dados de localiza\u00e7\u00e3o das imagens no s\u00edtio Web.<\/p><h2 class=\"wp-block-heading\">Biscoitos<\/h2><p>Se deixar um coment\u00e1rio no nosso site, pode optar por guardar o seu nome, endere\u00e7o de correio eletr\u00f3nico e s\u00edtio Web nos cookies. Estes s\u00e3o para sua conveni\u00eancia, para que n\u00e3o tenha de preencher os seus dados novamente quando deixar outro coment\u00e1rio. Estes cookies t\u00eam a dura\u00e7\u00e3o de um ano.<\/p><p>Se visitar a nossa p\u00e1gina de in\u00edcio de sess\u00e3o, definiremos um cookie tempor\u00e1rio para determinar se o seu browser aceita cookies. Este cookie n\u00e3o cont\u00e9m dados pessoais e \u00e9 eliminado quando o utilizador fecha o seu browser.<\/p><p>Quando iniciar sess\u00e3o, tamb\u00e9m configuraremos v\u00e1rios cookies para guardar as suas informa\u00e7\u00f5es de in\u00edcio de sess\u00e3o e as suas op\u00e7\u00f5es de visualiza\u00e7\u00e3o do ecr\u00e3. Os cookies de in\u00edcio de sess\u00e3o duram dois dias e os cookies de op\u00e7\u00f5es de ecr\u00e3 duram um ano. Se selecionar \"Lembrar-me\", o seu in\u00edcio de sess\u00e3o persistir\u00e1 durante duas semanas. Se terminar a sess\u00e3o na sua conta, os cookies de in\u00edcio de sess\u00e3o ser\u00e3o removidos.<\/p><p>Se editar ou publicar um artigo, ser\u00e1 guardado um cookie adicional no seu browser. Este cookie n\u00e3o inclui dados pessoais e indica simplesmente o ID de publica\u00e7\u00e3o do artigo que acabou de editar. Expira ao fim de 1 dia.<\/p><h2 class=\"wp-block-heading\">Conte\u00fado incorporado de outros s\u00edtios Web<\/h2><p>Os artigos deste s\u00edtio podem incluir conte\u00fados incorporados (por exemplo, v\u00eddeos, imagens, artigos, etc.). O conte\u00fado incorporado de outros s\u00edtios Web comporta-se exatamente da mesma forma como se o visitante tivesse visitado o outro s\u00edtio Web.<\/p><p>Estes s\u00edtios Web podem recolher dados sobre o utilizador, utilizar cookies, incorporar rastreio adicional de terceiros e monitorizar a sua intera\u00e7\u00e3o com esse conte\u00fado incorporado, incluindo o rastreio da sua intera\u00e7\u00e3o com o conte\u00fado incorporado se tiver uma conta e estiver ligado a esse s\u00edtio Web.<\/p><h2 class=\"wp-block-heading\"><\/h2>","protected":false},"excerpt":{"rendered":"<p>Who we are Our website address is: http:\/\/unimaxcn.com. Media If you &#8230; <\/p>","protected":false},"author":1,"featured_media":0,"parent":0,"menu_order":0,"comment_status":"closed","ping_status":"open","template":"","meta":{"footnotes":""},"class_list":["post-3","page","type-page","status-publish","hentry"],"_links":{"self":[{"href":"https:\/\/unimaxcn.com\/pt\/wp-json\/wp\/v2\/pages\/3","targetHints":{"allow":["GET"]}}],"collection":[{"href":"https:\/\/unimaxcn.com\/pt\/wp-json\/wp\/v2\/pages"}],"about":[{"href":"https:\/\/unimaxcn.com\/pt\/wp-json\/wp\/v2\/types\/page"}],"author":[{"embeddable":true,"href":"https:\/\/unimaxcn.com\/pt\/wp-json\/wp\/v2\/users\/1"}],"replies":[{"embeddable":true,"href":"https:\/\/unimaxcn.com\/pt\/wp-json\/wp\/v2\/comments?post=3"}],"version-history":[{"count":3,"href":"https:\/\/unimaxcn.com\/pt\/wp-json\/wp\/v2\/pages\/3\/revisions"}],"predecessor-version":[{"id":3328,"href":"https:\/\/unimaxcn.com\/pt\/wp-json\/wp\/v2\/pages\/3\/revisions\/3328"}],"wp:attachment":[{"href":"https:\/\/unimaxcn.com\/pt\/wp-json\/wp\/v2\/media?parent=3"}],"curies":[{"name":"wp","href":"https:\/\/api.w.org\/{rel}","templated":true}]}}