{"id":2608,"date":"2025-03-27T06:51:27","date_gmt":"2025-03-27T06:51:27","guid":{"rendered":"https:\/\/unimaxcn.com\/?page_id=2608"},"modified":"2025-03-27T08:20:38","modified_gmt":"2025-03-27T08:20:38","slug":"industries-applications-organics","status":"publish","type":"page","link":"https:\/\/unimaxcn.com\/pt\/industrias-aplicacoes-organicos\/","title":{"rendered":"Produtos org\u00e2nicos"},"content":{"rendered":"<div data-elementor-type=\"wp-page\" data-elementor-id=\"2608\" class=\"elementor elementor-2608\" data-elementor-post-type=\"page\">\n\t\t\t\t<div class=\"elementor-element elementor-element-2d89d64 e-flex e-con-boxed e-con e-parent\" data-id=\"2d89d64\" data-element_type=\"container\" data-e-type=\"container\">\n\t\t\t\t\t<div class=\"e-con-inner\">\n\t\t\t\t<div class=\"elementor-element elementor-element-0d9cbaf elementor-widget elementor-widget-heading\" data-id=\"0d9cbaf\" data-element_type=\"widget\" data-e-type=\"widget\" data-widget_type=\"heading.default\">\n\t\t\t\t<div class=\"elementor-widget-container\">\n\t\t\t\t\t<h2 class=\"elementor-heading-title elementor-size-default\">Vis\u00e3o geral dos produtos org\u00e2nicos<\/h2>\t\t\t\t<\/div>\n\t\t\t\t<\/div>\n\t\t\t\t\t<\/div>\n\t\t\t\t<\/div>\n\t\t<div class=\"elementor-element elementor-element-a0bba6e e-flex e-con-boxed e-con e-parent\" data-id=\"a0bba6e\" data-element_type=\"container\" data-e-type=\"container\">\n\t\t\t\t\t<div class=\"e-con-inner\">\n\t\t\t\t<div class=\"elementor-element elementor-element-9ce849d elementor-widget elementor-widget-text-editor\" data-id=\"9ce849d\" data-element_type=\"widget\" data-e-type=\"widget\" data-widget_type=\"text-editor.default\">\n\t\t\t\t<div class=\"elementor-widget-container\">\n\t\t\t\t\t\t\t\t\t<p>Os mercados de reciclagem org\u00e2nica evitam que materiais como res\u00edduos verdes, aparas de relva, folhas, arbustos e \u00e1rvores acabem em aterros. Estes materiais naturais s\u00e3o frequentemente trazidos para os parques de reciclagem org\u00e2nica por paisagistas, profissionais de tratamento de \u00e1rvores, empresas de gest\u00e3o de res\u00edduos e at\u00e9 mesmo por residentes. Os locais de reciclagem podem transformar estes materiais em composto, cobertura vegetal, corretivos do solo, biocombust\u00edvel e outros produtos finais valiosos.<\/p>\t\t\t\t\t\t\t\t<\/div>\n\t\t\t\t<\/div>\n\t\t\t\t\t<\/div>\n\t\t\t\t<\/div>\n\t\t<div class=\"elementor-element elementor-element-8f6c0c1 e-flex e-con-boxed e-con e-parent\" data-id=\"8f6c0c1\" data-element_type=\"container\" data-e-type=\"container\">\n\t\t\t\t\t<div class=\"e-con-inner\">\n\t\t\t\t<div class=\"elementor-element elementor-element-0596970 elementor-widget elementor-widget-heading\" data-id=\"0596970\" data-element_type=\"widget\" data-e-type=\"widget\" data-widget_type=\"heading.default\">\n\t\t\t\t<div class=\"elementor-widget-container\">\n\t\t\t\t\t<h2 class=\"elementor-heading-title elementor-size-default\">Estudos de casos de aplica\u00e7\u00e3o de produtos org\u00e2nicos<\/h2>\t\t\t\t<\/div>\n\t\t\t\t<\/div>\n\t\t\t\t\t<\/div>\n\t\t\t\t<\/div>\n\t\t<div class=\"elementor-element elementor-element-c71c1ad e-flex e-con-boxed e-con e-parent\" data-id=\"c71c1ad\" data-element_type=\"container\" data-e-type=\"container\">\n\t\t\t\t\t<div class=\"e-con-inner\">\n\t\t\t\t<div class=\"elementor-element elementor-element-8169c7e elementor-widget-divider--view-line elementor-invisible elementor-widget elementor-widget-divider\" data-id=\"8169c7e\" data-element_type=\"widget\" data-e-type=\"widget\" data-settings=\"{&quot;_animation&quot;:&quot;fadeInUp&quot;}\" data-widget_type=\"divider.default\">\n\t\t\t\t<div class=\"elementor-widget-container\">\n\t\t\t\t\t\t\t<div class=\"elementor-divider\">\n\t\t\t<span class=\"elementor-divider-separator\">\n\t\t\t\t\t\t<\/span>\n\t\t<\/div>\n\t\t\t\t\t\t<\/div>\n\t\t\t\t<\/div>\n\t\t\t\t\t<\/div>\n\t\t\t\t<\/div>\n\t\t\t\t<section class=\"elementor-section elementor-top-section elementor-element elementor-element-20283a elementor-section-full_width elementor-section-height-default elementor-section-height-default elementor-invisible\" data-id=\"20283a\" data-element_type=\"section\" data-e-type=\"section\" data-settings=\"{&quot;background_background&quot;:&quot;classic&quot;,&quot;animation&quot;:&quot;fadeInUp&quot;}\">\n\t\t\t\t\t\t<div class=\"elementor-container elementor-column-gap-default\">\n\t\t\t\t\t<div class=\"elementor-column elementor-col-50 elementor-top-column elementor-element elementor-element-205099f1\" data-id=\"205099f1\" data-element_type=\"column\" data-e-type=\"column\" data-settings=\"{&quot;background_background&quot;:&quot;classic&quot;}\">\n\t\t\t<div class=\"elementor-widget-wrap\">\n\t\t\t\t\t\t\t<\/div>\n\t\t<\/div>\n\t\t\t\t<div class=\"elementor-column elementor-col-50 elementor-top-column elementor-element elementor-element-43741019\" data-id=\"43741019\" data-element_type=\"column\" data-e-type=\"column\">\n\t\t\t<div class=\"elementor-widget-wrap elementor-element-populated\">\n\t\t\t\t\t\t<div class=\"elementor-element elementor-element-25a7a54f elementor-widget elementor-widget-elementskit-heading\" data-id=\"25a7a54f\" data-element_type=\"widget\" data-e-type=\"widget\" data-widget_type=\"elementskit-heading.default\">\n\t\t\t\t<div class=\"elementor-widget-container\">\n\t\t\t\t\t<div class=\"ekit-wid-con\" ><div class=\"ekit-heading elementskit-section-title-wraper text_left   ekit_heading_tablet-   ekit_heading_mobile-text_center\"><h2 class=\"ekit-heading--title elementskit-section-title\">Composto<\/h2><\/div><\/div>\t\t\t\t<\/div>\n\t\t\t\t<\/div>\n\t\t\t\t<div class=\"elementor-element elementor-element-535a1b90 elementor-widget__width-initial elementor-widget elementor-widget-text-editor\" data-id=\"535a1b90\" data-element_type=\"widget\" data-e-type=\"widget\" data-widget_type=\"text-editor.default\">\n\t\t\t\t<div class=\"elementor-widget-container\">\n\t\t\t\t\t\t\t\t\t<p>A Unimax fabrica trituradores de composto l\u00edderes na ind\u00fastria para produ\u00e7\u00e3o de grandes volumes a um baixo custo por tonelada. Em muitos estados, materiais org\u00e2nicos como arbustos, folhas e relva foram banidos dos aterros porque os res\u00edduos biodegrad\u00e1veis nos aterros se decomp\u00f5em em biog\u00e1s contendo metano, que se n\u00e3o for capturado \u00e9 um potente g\u00e1s de estufa que prejudica o ambiente. Al\u00e9m disso, grande parte deste material \u00e9 facilmente reciclado em produtos finais muito valiosos, como combust\u00edvel, cobertura vegetal e corretivos do solo. Para al\u00e9m dos benef\u00edcios econ\u00f3micos da produ\u00e7\u00e3o de grandes volumes de composto, estudos bem publicados confirmaram o impacto positivo do composto no sequestro de CO2 e na melhoria da sa\u00fade do solo.<\/p>\t\t\t\t\t\t\t\t<\/div>\n\t\t\t\t<\/div>\n\t\t\t\t\t<\/div>\n\t\t<\/div>\n\t\t\t\t\t<\/div>\n\t\t<\/section>\n\t\t<div class=\"elementor-element elementor-element-9b0c741 e-flex e-con-boxed e-con e-parent\" data-id=\"9b0c741\" data-element_type=\"container\" data-e-type=\"container\">\n\t\t\t\t\t<div class=\"e-con-inner\">\n\t\t\t\t<div class=\"elementor-element elementor-element-8d7086d elementor-widget-divider--view-line elementor-invisible elementor-widget elementor-widget-divider\" data-id=\"8d7086d\" data-element_type=\"widget\" data-e-type=\"widget\" data-settings=\"{&quot;_animation&quot;:&quot;fadeInUp&quot;}\" data-widget_type=\"divider.default\">\n\t\t\t\t<div class=\"elementor-widget-container\">\n\t\t\t\t\t\t\t<div class=\"elementor-divider\">\n\t\t\t<span class=\"elementor-divider-separator\">\n\t\t\t\t\t\t<\/span>\n\t\t<\/div>\n\t\t\t\t\t\t<\/div>\n\t\t\t\t<\/div>\n\t\t\t\t\t<\/div>\n\t\t\t\t<\/div>\n\t\t\t\t<section class=\"elementor-section elementor-top-section elementor-element elementor-element-11371051 elementor-section-full_width elementor-section-height-default elementor-section-height-default elementor-invisible\" data-id=\"11371051\" data-element_type=\"section\" data-e-type=\"section\" data-settings=\"{&quot;background_background&quot;:&quot;classic&quot;,&quot;animation&quot;:&quot;fadeInUp&quot;}\">\n\t\t\t\t\t\t<div class=\"elementor-container elementor-column-gap-default\">\n\t\t\t\t\t<div class=\"elementor-column elementor-col-50 elementor-top-column elementor-element elementor-element-36c40036\" data-id=\"36c40036\" data-element_type=\"column\" data-e-type=\"column\">\n\t\t\t<div class=\"elementor-widget-wrap elementor-element-populated\">\n\t\t\t\t\t\t<div class=\"elementor-element elementor-element-9b1431f elementor-widget elementor-widget-elementskit-heading\" data-id=\"9b1431f\" data-element_type=\"widget\" data-e-type=\"widget\" data-widget_type=\"elementskit-heading.default\">\n\t\t\t\t<div class=\"elementor-widget-container\">\n\t\t\t\t\t<div class=\"ekit-wid-con\" ><div class=\"ekit-heading elementskit-section-title-wraper text_left   ekit_heading_tablet-   ekit_heading_mobile-text_center\"><h2 class=\"ekit-heading--title elementskit-section-title\">Res\u00edduos de jardim<\/h2><\/div><\/div>\t\t\t\t<\/div>\n\t\t\t\t<\/div>\n\t\t\t\t<div class=\"elementor-element elementor-element-55b842ac elementor-widget elementor-widget-text-editor\" data-id=\"55b842ac\" data-element_type=\"widget\" data-e-type=\"widget\" data-widget_type=\"text-editor.default\">\n\t\t\t\t<div class=\"elementor-widget-container\">\n\t\t\t\t\t\t\t\t\t<p>A Unimax fabrica trituradores de res\u00edduos de estaleiro l\u00edderes na ind\u00fastria para uma variedade de utiliza\u00e7\u00f5es. Em muitos Estados, os res\u00edduos de quintal, material org\u00e2nico vegetativo verde como arbustos, folhas, relva, etc., foram banidos dos aterros porque os res\u00edduos biodegrad\u00e1veis nos aterros se decomp\u00f5em em biog\u00e1s contendo metano, que se n\u00e3o for capturado \u00e9 um potente g\u00e1s de estufa que prejudica o ambiente. Al\u00e9m disso, grande parte deste material \u00e9 facilmente reciclado em produtos finais muito utiliz\u00e1veis e vend\u00e1veis, como combust\u00edvel, cobertura vegetal e corretivos do solo. <\/p>\t\t\t\t\t\t\t\t<\/div>\n\t\t\t\t<\/div>\n\t\t\t\t\t<\/div>\n\t\t<\/div>\n\t\t\t\t<div class=\"elementor-column elementor-col-50 elementor-top-column elementor-element elementor-element-1f75b8ac\" data-id=\"1f75b8ac\" data-element_type=\"column\" data-e-type=\"column\" data-settings=\"{&quot;background_background&quot;:&quot;classic&quot;}\">\n\t\t\t<div class=\"elementor-widget-wrap\">\n\t\t\t\t\t\t\t<\/div>\n\t\t<\/div>\n\t\t\t\t\t<\/div>\n\t\t<\/section>\n\t\t<div class=\"elementor-element elementor-element-813920e e-flex e-con-boxed e-con e-parent\" data-id=\"813920e\" data-element_type=\"container\" data-e-type=\"container\">\n\t\t\t\t\t<div class=\"e-con-inner\">\n\t\t\t\t<div class=\"elementor-element elementor-element-1ac986c elementor-widget-divider--view-line elementor-invisible elementor-widget elementor-widget-divider\" data-id=\"1ac986c\" data-element_type=\"widget\" data-e-type=\"widget\" data-settings=\"{&quot;_animation&quot;:&quot;fadeInUp&quot;}\" data-widget_type=\"divider.default\">\n\t\t\t\t<div class=\"elementor-widget-container\">\n\t\t\t\t\t\t\t<div class=\"elementor-divider\">\n\t\t\t<span class=\"elementor-divider-separator\">\n\t\t\t\t\t\t<\/span>\n\t\t<\/div>\n\t\t\t\t\t\t<\/div>\n\t\t\t\t<\/div>\n\t\t\t\t\t<\/div>\n\t\t\t\t<\/div>\n\t\t\t\t<section class=\"elementor-section elementor-top-section elementor-element elementor-element-ebf10d3 elementor-section-full_width elementor-section-height-default elementor-section-height-default elementor-invisible\" data-id=\"ebf10d3\" data-element_type=\"section\" data-e-type=\"section\" data-settings=\"{&quot;background_background&quot;:&quot;classic&quot;,&quot;animation&quot;:&quot;fadeInUp&quot;}\">\n\t\t\t\t\t\t<div class=\"elementor-container elementor-column-gap-default\">\n\t\t\t\t\t<div class=\"elementor-column elementor-col-50 elementor-top-column elementor-element elementor-element-7b932f9\" data-id=\"7b932f9\" data-element_type=\"column\" data-e-type=\"column\" data-settings=\"{&quot;background_background&quot;:&quot;classic&quot;}\">\n\t\t\t<div class=\"elementor-widget-wrap\">\n\t\t\t\t\t\t\t<\/div>\n\t\t<\/div>\n\t\t\t\t<div class=\"elementor-column elementor-col-50 elementor-top-column elementor-element elementor-element-06c8e12\" data-id=\"06c8e12\" data-element_type=\"column\" data-e-type=\"column\">\n\t\t\t<div class=\"elementor-widget-wrap elementor-element-populated\">\n\t\t\t\t\t\t<div class=\"elementor-element elementor-element-6a103e2 elementor-widget elementor-widget-elementskit-heading\" data-id=\"6a103e2\" data-element_type=\"widget\" data-e-type=\"widget\" data-widget_type=\"elementskit-heading.default\">\n\t\t\t\t<div class=\"elementor-widget-container\">\n\t\t\t\t\t<div class=\"ekit-wid-con\" ><div class=\"ekit-heading elementskit-section-title-wraper text_left   ekit_heading_tablet-   ekit_heading_mobile-text_center\"><h2 class=\"ekit-heading--title elementskit-section-title\">Palha<\/h2><\/div><\/div>\t\t\t\t<\/div>\n\t\t\t\t<\/div>\n\t\t\t\t<div class=\"elementor-element elementor-element-5eca366 elementor-widget__width-initial elementor-widget elementor-widget-text-editor\" data-id=\"5eca366\" data-element_type=\"widget\" data-e-type=\"widget\" data-widget_type=\"text-editor.default\">\n\t\t\t\t<div class=\"elementor-widget-container\">\n\t\t\t\t\t\t\t\t\t<p>Os trituradores de palha s\u00e3o uma excelente forma de libertar espa\u00e7o no seu quintal, ao mesmo tempo que criam um produto final valioso. Os detritos de madeira provenientes da constru\u00e7\u00e3o e da limpeza de terrenos, a casca das serra\u00e7\u00f5es e a madeira limpa derivada da constru\u00e7\u00e3o s\u00e3o frequentemente processados atrav\u00e9s de trituradores de cobertura vegetal e reciclados. \u00c9 produzido atrav\u00e9s da tritura\u00e7\u00e3o de material numa variedade de tamanhos diferentes para diferentes aplica\u00e7\u00f5es. Desde material de qualidade grosseira para controlo da eros\u00e3o, at\u00e9 material de cobertura vegetal mais fino para fins comerciais ou residenciais (frequentemente colorido para fins est\u00e9ticos). Os trituradores Unimax podem ser configurados com uma variedade de pontas e ecr\u00e3s para garantir que a especifica\u00e7\u00e3o de tamanho desejada \u00e9 cumprida para o seu mulch.<\/p>\t\t\t\t\t\t\t\t<\/div>\n\t\t\t\t<\/div>\n\t\t\t\t\t<\/div>\n\t\t<\/div>\n\t\t\t\t\t<\/div>\n\t\t<\/section>\n\t\t\t\t<\/div>","protected":false},"excerpt":{"rendered":"<p>Vis\u00e3o geral dos org\u00e2nicos Os mercados de reciclagem de org\u00e2nicos evitam materiais como res\u00edduos verdes, ... <\/p>","protected":false},"author":1,"featured_media":0,"parent":0,"menu_order":0,"comment_status":"closed","ping_status":"closed","template":"","meta":{"footnotes":""},"class_list":["post-2608","page","type-page","status-publish","hentry"],"_links":{"self":[{"href":"https:\/\/unimaxcn.com\/pt\/wp-json\/wp\/v2\/pages\/2608","targetHints":{"allow":["GET"]}}],"collection":[{"href":"https:\/\/unimaxcn.com\/pt\/wp-json\/wp\/v2\/pages"}],"about":[{"href":"https:\/\/unimaxcn.com\/pt\/wp-json\/wp\/v2\/types\/page"}],"author":[{"embeddable":true,"href":"https:\/\/unimaxcn.com\/pt\/wp-json\/wp\/v2\/users\/1"}],"replies":[{"embeddable":true,"href":"https:\/\/unimaxcn.com\/pt\/wp-json\/wp\/v2\/comments?post=2608"}],"version-history":[{"count":27,"href":"https:\/\/unimaxcn.com\/pt\/wp-json\/wp\/v2\/pages\/2608\/revisions"}],"predecessor-version":[{"id":2664,"href":"https:\/\/unimaxcn.com\/pt\/wp-json\/wp\/v2\/pages\/2608\/revisions\/2664"}],"wp:attachment":[{"href":"https:\/\/unimaxcn.com\/pt\/wp-json\/wp\/v2\/media?parent=2608"}],"curies":[{"name":"wp","href":"https:\/\/api.w.org\/{rel}","templated":true}]}}