{"id":3934,"date":"2025-04-12T09:50:19","date_gmt":"2025-04-12T09:50:19","guid":{"rendered":"https:\/\/unimaxcn.com\/?post_type=product&#038;p=3934"},"modified":"2025-04-13T01:41:11","modified_gmt":"2025-04-13T01:41:11","slug":"19-inch-brush-chipper-ub1600","status":"publish","type":"product","link":"https:\/\/unimaxcn.com\/fr\/product\/dechiqueteuse-de-brosses-19-pouces-ub1600\/","title":{"rendered":"D\u00e9chiqueteuse de brosses 19 pouces UB1600"},"content":{"rendered":"<div class=\"elementor-element elementor-element-de0eaba elementor-widget elementor-widget-heading\" data-id=\"de0eaba\" data-element_type=\"widget\" data-widget_type=\"heading.default\">\n<div class=\"elementor-widget-container\">\n<h2 class=\"elementor-heading-title elementor-size-default\"><span style=\"font-family: helvetica, arial, sans-serif; font-size: 30px; color: #333333;\">Description<\/span><\/h2>\n<p><span style=\"font-family: Arial; color: #000000;\">La d\u00e9chiqueteuse de broussailles UB1600 est un \u00e9quipement de pointe pour la coupe des mat\u00e9riaux. Cette machine pr\u00e9sente des avantages par rapport \u00e0 de nombreuses autres d\u00e9chiqueteuses de bois et est fabriqu\u00e9e sur la base de la th\u00e9orie du cisaillement et de la coupe. Lors de la conception de la machine, l'ing\u00e9nieur prend pleinement en compte la s\u00e9curit\u00e9 du syst\u00e8me d'alimentation. Un syst\u00e8me professionnel de d\u00e9tection de la vitesse et de retour d'information permet de r\u00e9duire la pression exerc\u00e9e sur les pi\u00e8ces du moteur et d'am\u00e9liorer l'efficacit\u00e9 du travail de l'op\u00e9rateur. Si le mat\u00e9riau d'alimentation est trop gros ou trop dur, ou si le moteur diesel est surcharg\u00e9, ce syst\u00e8me passe automatiquement de l'alimentation continue \u00e0 l'alimentation intermittente. En cas de blocage, l'op\u00e9rateur peut contr\u00f4ler la machine manuellement et inverser le rouleau d'alimentation. En outre, les gaz d'\u00e9chappement du moteur diesel sont directement connect\u00e9s \u00e0 la chambre de d\u00e9chiquetage, ce qui augmente la puissance de d\u00e9chargement.<\/span><br \/>\n<span style=\"font-family: Arial; color: #000000;\">La d\u00e9chiqueteuse de brosses UB1600 est principalement utilis\u00e9e pour d\u00e9chiqueter les b\u00fbches, les branches, les b\u00fbches de taille insuffisante, les restes de coupe de bois, les arbustes, etc. pour pr\u00e9parer les mat\u00e9riaux dans les usines de fabrication de papier, les usines de panneaux de densit\u00e9 et les centrales \u00e9lectriques \u00e0 biomasse. <\/span><br \/>\n<span style=\"font-family: Arial; color: #000000;\">Lorsque la machine fonctionne, les mat\u00e9riaux peuvent \u00eatre d\u00e9chiquet\u00e9s rapidement et efficacement dans la chambre de d\u00e9chiquetage. La machine se caract\u00e9rise par sa robustesse et sa durabilit\u00e9, sa capacit\u00e9 de production \u00e9lev\u00e9e, sa faible consommation d'\u00e9nergie et sa qualit\u00e9 de d\u00e9chiquetage uniforme, ainsi que par son faible niveau sonore, son absence de pollution, sa facilit\u00e9 d'utilisation et sa facilit\u00e9 d'entretien.<\/span><\/p>\n<p><img fetchpriority=\"high\" decoding=\"async\" class=\"wp-image-3751 size-full aligncenter\" src=\"data:image\/svg+xml,%3Csvg%20xmlns%3D&#39;http%3A%2F%2Fwww.w3.org%2F2000%2Fsvg&#39;%20width=&#39;1200&#39;%20height=&#39;385&#39;%20viewBox%3D&#39;0%200%201200%20385&#39;%2F%3E\" data-czlz data-src=\"https:\/\/unimaxcn.com\/wp-content\/uploads\/2025\/04\/Wood-and-Bamboo-Multipurpose-Diesel-Drum-Wood-Chipper-6.avif\" alt=\"\" width=\"1200\" height=\"385\" data-srcset=\"https:\/\/unimaxcn.com\/wp-content\/uploads\/2025\/04\/Wood-and-Bamboo-Multipurpose-Diesel-Drum-Wood-Chipper-6.avif 1200w, https:\/\/unimaxcn.com\/wp-content\/uploads\/2025\/04\/Wood-and-Bamboo-Multipurpose-Diesel-Drum-Wood-Chipper-6-300x96.avif 300w, https:\/\/unimaxcn.com\/wp-content\/uploads\/2025\/04\/Wood-and-Bamboo-Multipurpose-Diesel-Drum-Wood-Chipper-6-1024x329.avif 1024w, https:\/\/unimaxcn.com\/wp-content\/uploads\/2025\/04\/Wood-and-Bamboo-Multipurpose-Diesel-Drum-Wood-Chipper-6-768x246.avif 768w, https:\/\/unimaxcn.com\/wp-content\/uploads\/2025\/04\/Wood-and-Bamboo-Multipurpose-Diesel-Drum-Wood-Chipper-6-600x193.avif 600w, https:\/\/unimaxcn.com\/wp-content\/uploads\/2025\/04\/Wood-and-Bamboo-Multipurpose-Diesel-Drum-Wood-Chipper-6-1000x321.avif 1000w\" data-sizes=\"(max-width: 1200px) 100vw, 1200px\" \/><\/p>\n<\/div>\n<\/div>\n<div class=\"elementor-element elementor-element-0f2b9a3 elementor-widget elementor-widget-text-editor\" data-id=\"0f2b9a3\" data-element_type=\"widget\" data-widget_type=\"text-editor.default\">\n<div class=\"elementor-widget-container\">\n<div class=\"elementor elementor-1759 elementor-location-single post-1749 product type-product status-publish has-post-thumbnail product_cat-tub-grinders first instock shipping-taxable product-type-simple product\" data-elementor-type=\"product\" data-elementor-id=\"1759\" data-elementor-post-type=\"elementor_library\">\n<div class=\"elementor-element elementor-element-940b1ba e-flex e-con-boxed e-con e-parent e-lazyloaded\" data-id=\"940b1ba\" data-element_type=\"container\">\n<div class=\"e-con-inner\">\n<div class=\"elementor-element elementor-element-dbee17c elementor-widget elementor-widget-text-editor\" data-id=\"dbee17c\" data-element_type=\"widget\" data-widget_type=\"text-editor.default\">\n<div class=\"elementor-widget-container\">\n<div class=\"entm-row_wrap entm-type_text\">\n<section id=\"products-hot-029--5\" class=\"light pb-30\">\n<div class=\"center\">\n<div class=\"pic-box pt-10\">\n<div class=\"content-box\">\n<div class=\"img-box\">\n<div class=\"entm-row_wrap entm-type_gallerySmart\">\n<div class=\"enter_chart_content11 instantiationColorWrap\">\n<table style=\"width: 101.062%; height: 231px;\">\n<tbody>\n<tr style=\"height: 55px;\">\n<td style=\"text-align: left; height: 55px; background-color: #1f2e63; width: 14.2968%;\" width=\"106\"><span style=\"font-size: 18px; color: #ffffff;\"><strong><span style=\"font-family: Arial;\">Mod\u00e8le<\/span><\/strong><\/span><\/td>\n<td style=\"text-align: center; height: 55px; background-color: #1f2e63; width: 17.1214%;\" width=\"93\"><span style=\"font-size: 18px; color: #ffffff;\"><strong><span style=\"font-family: Arial;\">UB500<\/span><\/strong><\/span><\/td>\n<td style=\"text-align: center; height: 55px; background-color: #1f2e63; width: 17.4083%;\" width=\"93\"><span style=\"font-size: 18px; color: #ffffff;\"><strong><span style=\"font-family: Arial;\">UB600<\/span><\/strong><\/span><\/td>\n<td style=\"text-align: center; height: 55px; background-color: #1f2e63; width: 17.3011%;\" width=\"93\"><span style=\"font-size: 18px; color: #ffffff;\"><strong><span style=\"font-family: Arial;\">UB900<\/span><\/strong><\/span><\/td>\n<td style=\"text-align: center; height: 55px; background-color: #1f2e63; width: 17.0864%;\" width=\"93\"><span style=\"font-size: 18px; color: #ffffff;\"><strong><span style=\"font-family: Arial;\">UB1200<\/span><\/strong><\/span><\/td>\n<td style=\"text-align: center; height: 55px; background-color: #1f2e63; width: 22.4376%;\" width=\"93\"><span style=\"font-size: 18px; color: #ffffff;\"><strong><span style=\"font-family: Arial;\">UB1600<\/span><\/strong><\/span><\/td>\n<\/tr>\n<tr style=\"height: 10px;\">\n<td style=\"text-align: left; height: 10px; width: 14.2968%;\" width=\"106\"><span style=\"font-family: Arial; color: #000000;\">Taille du port d'entr\u00e9e<\/span><\/td>\n<td style=\"text-align: center; height: 10px; width: 17.1214%;\" width=\"93\"><span style=\"font-family: Arial; color: #000000;\">300*200mm<\/span><\/td>\n<td style=\"text-align: center; height: 10px; width: 17.4083%;\" width=\"93\"><span style=\"font-family: Arial; color: #000000;\">300*200mm<\/span><\/td>\n<td style=\"text-align: center; height: 10px; width: 17.3011%;\" width=\"93\"><span style=\"font-family: Arial; color: #000000;\">380*300mm<\/span><\/td>\n<td style=\"text-align: center; height: 10px; width: 17.0864%;\" width=\"93\"><span style=\"font-family: Arial; color: #000000;\">450*380mm<\/span><\/td>\n<td style=\"text-align: center; height: 10px; width: 22.4376%;\" width=\"93\"><span style=\"font-family: Arial; color: #000000;\">860*480mm<\/span><\/td>\n<\/tr>\n<tr style=\"height: 10px;\">\n<td style=\"text-align: left; height: 10px; width: 14.2968%;\" width=\"106\"><span style=\"font-family: Arial; color: #000000;\">Diam\u00e8tre max. du bois<\/span><\/td>\n<td style=\"text-align: center; height: 10px; width: 17.1214%;\" width=\"93\"><span style=\"font-family: Arial; color: #000000;\">120 mm<\/span><\/td>\n<td style=\"text-align: center; height: 10px; width: 17.4083%;\" width=\"93\"><span style=\"font-family: Arial; color: #000000;\">150 mm<\/span><\/td>\n<td style=\"text-align: center; height: 10px; width: 17.3011%;\" width=\"93\"><span style=\"font-family: Arial; color: #000000;\">220 mm<\/span><\/td>\n<td style=\"text-align: center; height: 10px; width: 17.0864%;\" width=\"93\"><span style=\"font-family: Arial; color: #000000;\">300mm<\/span><\/td>\n<td style=\"text-align: center; height: 10px; width: 22.4376%;\" width=\"93\"><span style=\"font-family: Arial; color: #000000;\">430 mm<\/span><\/td>\n<\/tr>\n<tr style=\"height: 10px;\">\n<td style=\"text-align: left; height: 10px; width: 14.2968%;\" width=\"106\"><span style=\"font-family: Arial; color: #000000;\">Type d'alimentation<\/span><\/td>\n<td style=\"text-align: center; height: 10px; width: 17.1214%;\" width=\"93\"><span style=\"font-family: Arial; color: #000000;\">Manuel<\/span><\/td>\n<td style=\"text-align: center; height: 10px; width: 17.4083%;\" width=\"93\"><span style=\"font-family: Arial; color: #000000;\">Manuel<\/span><\/td>\n<td style=\"text-align: center; height: 10px; width: 17.3011%;\" width=\"93\"><span style=\"font-family: Arial; color: #000000;\">Automatique<\/span><\/td>\n<td style=\"text-align: center; height: 10px; width: 17.0864%;\" width=\"93\"><span style=\"font-family: Arial; color: #000000;\">Automatique<\/span><\/td>\n<td style=\"text-align: center; height: 10px; width: 22.4376%;\" width=\"93\"><span style=\"font-family: Arial; color: #000000;\">Automatique<\/span><\/td>\n<\/tr>\n<tr style=\"height: 10px;\">\n<td style=\"text-align: left; height: 10px; width: 14.2968%;\" width=\"106\"><span style=\"font-family: Arial; color: #000000;\">Taille du rotor<\/span><\/td>\n<td style=\"text-align: center; height: 10px; width: 17.1214%;\" width=\"93\"><span style=\"font-family: Arial; color: #000000;\">\u03a6300*320mm<\/span><\/td>\n<td style=\"text-align: center; height: 10px; width: 17.4083%;\" width=\"93\"><span style=\"font-family: Arial; color: #000000;\">\u03a6300*330mm<\/span><\/td>\n<td style=\"text-align: center; height: 10px; width: 17.3011%;\" width=\"93\"><span style=\"font-family: Arial; color: #000000;\">\u03a6400*450mm<\/span><\/td>\n<td style=\"text-align: center; height: 10px; width: 17.0864%;\" width=\"93\"><span style=\"font-family: Arial; color: #000000;\">\u03a6500*520mm<\/span><\/td>\n<td style=\"text-align: center; height: 10px; width: 22.4376%;\" width=\"93\"><span style=\"font-family: Arial; color: #000000;\">\u03a6800*750mm<\/span><\/td>\n<\/tr>\n<tr style=\"height: 10px;\">\n<td style=\"text-align: left; height: 10px; width: 14.2968%;\" width=\"106\"><span style=\"font-family: Arial; color: #000000;\">Quantit\u00e9 de lames<\/span><\/td>\n<td style=\"text-align: center; height: 10px; width: 17.1214%;\" width=\"93\"><span style=\"font-family: Arial; color: #000000;\">5 pi\u00e8ces<\/span><\/td>\n<td style=\"text-align: center; height: 10px; width: 17.4083%;\" width=\"93\"><span style=\"font-family: Arial; color: #000000;\">5 pi\u00e8ces<\/span><\/td>\n<td style=\"text-align: center; height: 10px; width: 17.3011%;\" width=\"93\"><span style=\"font-family: Arial; color: #000000;\">5 pi\u00e8ces<\/span><\/td>\n<td style=\"text-align: center; height: 10px; width: 17.0864%;\" width=\"93\"><span style=\"font-family: Arial; color: #000000;\">5 pi\u00e8ces<\/span><\/td>\n<td style=\"text-align: center; height: 10px; width: 22.4376%;\" width=\"93\"><span style=\"font-family: Arial; color: #000000;\">9 pi\u00e8ces<\/span><\/td>\n<\/tr>\n<tr style=\"height: 33px;\">\n<td style=\"text-align: left; height: 33px; width: 14.2968%;\" width=\"106\"><span style=\"font-family: Arial; color: #000000;\">Type de moteur<\/span><\/td>\n<td style=\"text-align: center; height: 33px; width: 17.1214%;\" width=\"93\"><span style=\"font-family: Arial; color: #000000;\">moteur diesel \/ moteur<\/span><\/td>\n<td style=\"text-align: center; height: 33px; width: 17.4083%;\" width=\"93\"><span style=\"font-family: Arial; color: #000000;\">moteur diesel \/ moteur<\/span><\/td>\n<td style=\"text-align: center; height: 33px; width: 17.3011%;\" width=\"93\"><span style=\"font-family: Arial; color: #000000;\">moteur diesel \/ moteur<\/span><\/td>\n<td style=\"text-align: center; height: 33px; width: 17.0864%;\" width=\"93\"><span style=\"font-family: Arial; color: #000000;\">moteur diesel \/ moteur<\/span><\/td>\n<td style=\"text-align: center; height: 33px; width: 22.4376%;\" width=\"93\"><span style=\"font-family: Arial; color: #000000;\">moteur diesel \/ moteur<\/span><\/td>\n<\/tr>\n<tr style=\"height: 10px;\">\n<td style=\"text-align: left; height: 10px; width: 14.2968%;\" width=\"106\"><span style=\"font-family: Arial; color: #000000;\">Puissance du moteur<\/span><\/td>\n<td style=\"text-align: center; height: 10px; width: 17.1214%;\" width=\"93\"><span style=\"font-family: Arial; color: #000000;\">35HP 1 cyl<\/span><\/td>\n<td style=\"text-align: center; height: 10px; width: 17.4083%;\" width=\"93\"><span style=\"font-family: Arial; color: #000000;\">55HP 4 cyl.<\/span><\/td>\n<td style=\"text-align: center; height: 10px; width: 17.3011%;\" width=\"93\"><span style=\"font-family: Arial; color: #000000;\">80HP 4 cyl.<\/span><\/td>\n<td style=\"text-align: center; height: 10px; width: 17.0864%;\" width=\"93\"><span style=\"font-family: Arial; color: #000000;\">102HP 4 cyl.<\/span><\/td>\n<td style=\"text-align: center; height: 10px; width: 22.4376%;\" width=\"93\"><span style=\"font-family: Arial; color: #000000;\">235HP 4 cyl.<\/span><\/td>\n<\/tr>\n<tr style=\"height: 10px;\">\n<td style=\"text-align: left; height: 10px; width: 14.2968%;\" width=\"106\"><span style=\"font-family: Arial; color: #000000;\">Vitesse de rotation<\/span><\/td>\n<td style=\"text-align: center; height: 10px; width: 17.1214%;\" width=\"93\"><span style=\"font-family: Arial; color: #000000;\">3000 tr\/min<\/span><\/td>\n<td style=\"text-align: center; height: 10px; width: 17.4083%;\" width=\"93\"><span style=\"font-family: Arial; color: #000000;\">3000 tr\/min<\/span><\/td>\n<td style=\"text-align: center; height: 10px; width: 17.3011%;\" width=\"93\"><span style=\"font-family: Arial; color: #000000;\">2600 tr\/min<\/span><\/td>\n<td style=\"text-align: center; height: 10px; width: 17.0864%;\" width=\"93\"><span style=\"font-family: Arial; color: #000000;\">2600 tr\/min<\/span><\/td>\n<td style=\"text-align: center; height: 10px; width: 22.4376%;\" width=\"93\"><span style=\"font-family: Arial; color: #000000;\">1600 tr\/min<\/span><\/td>\n<\/tr>\n<tr style=\"height: 18px;\">\n<td style=\"text-align: left; height: 18px; width: 14.2968%;\" width=\"106\"><span style=\"font-family: Arial; color: #000000;\">Capacit\u00e9<\/span><\/td>\n<td style=\"text-align: center; height: 18px; width: 17.1214%;\" width=\"93\"><span style=\"font-family: Arial; color: #000000;\">1-2 TPH<\/span><\/td>\n<td style=\"text-align: center; height: 18px; width: 17.4083%;\" width=\"93\"><span style=\"font-family: Arial; color: #000000;\">2-3 TPH<\/span><\/td>\n<td style=\"text-align: center; height: 18px; width: 17.3011%;\" width=\"93\"><span style=\"font-family: Arial; color: #000000;\">3-5 TPH<\/span><\/td>\n<td style=\"text-align: center; height: 18px; width: 17.0864%;\" width=\"93\"><span style=\"font-family: Arial; color: #000000;\">5-6 TPH<\/span><\/td>\n<td style=\"text-align: center; height: 18px; width: 22.4376%;\" width=\"93\"><span style=\"font-family: Arial; color: #000000;\">6-8 TPH<\/span><\/td>\n<\/tr>\n<tr style=\"height: 26px;\">\n<td style=\"text-align: left; height: 26px; width: 14.2968%;\" width=\"106\"><span style=\"font-family: Arial; color: #000000;\">Dimension<\/span><\/td>\n<td style=\"text-align: center; height: 26px; width: 17.1214%;\" width=\"93\"><span style=\"font-family: Arial; color: #000000;\">2450*1300*180mm<\/span><\/td>\n<td style=\"text-align: center; height: 26px; width: 17.4083%;\" width=\"93\"><span style=\"font-family: Arial; color: #000000;\">2450*1300*1800mm<\/span><\/td>\n<td style=\"text-align: center; height: 26px; width: 17.3011%;\" width=\"93\"><span style=\"font-family: Arial; color: #000000;\">3680*1600*3000mm<\/span><\/td>\n<td style=\"text-align: center; height: 26px; width: 17.0864%;\" width=\"93\"><span style=\"font-family: Arial; color: #000000;\">3900*1800*2400mm<\/span><\/td>\n<td style=\"text-align: center; height: 26px; width: 22.4376%;\" width=\"93\"><span style=\"font-family: Arial; color: #000000;\">5600*2200*2900mm<\/span><\/td>\n<\/tr>\n<tr style=\"height: 29px;\">\n<td style=\"text-align: left; height: 29px; width: 14.2968%;\" width=\"106\"><span style=\"font-family: Arial; color: #000000;\">Poids<\/span><\/td>\n<td style=\"text-align: center; height: 29px; width: 17.1214%;\" width=\"93\"><span style=\"font-family: Arial; color: #000000;\">0.9 t<\/span><\/td>\n<td style=\"text-align: center; height: 29px; width: 17.4083%;\" width=\"93\"><span style=\"font-family: Arial; color: #000000;\">1 t<\/span><\/td>\n<td style=\"text-align: center; height: 29px; width: 17.3011%;\" width=\"93\"><span style=\"font-family: Arial; color: #000000;\">1.7 t<\/span><\/td>\n<td style=\"text-align: center; height: 29px; width: 17.0864%;\" width=\"93\"><span style=\"font-family: Arial; color: #000000;\">2.1 t<\/span><\/td>\n<td style=\"text-align: center; height: 29px; width: 22.4376%;\" width=\"93\"><span style=\"font-family: Arial; color: #000000;\">3.2 t<\/span><\/td>\n<\/tr>\n<\/tbody>\n<\/table>\n<\/div>\n<\/div>\n<\/div>\n<\/div>\n<\/div>\n<\/div>\n<\/section>\n<\/div>\n<\/div>\n<\/div>\n<\/div>\n<\/div>\n<\/div>\n<\/div>\n<\/div>","protected":false},"excerpt":{"rendered":"<h3><span style=\"font-family: Arial; color: #000000;\">D\u00e9chiqueteuse de brosses 19 pouces UB1600\u00a0<\/span><\/h3>\n<p><span","protected":false},"featured_media":3948,"comment_status":"open","ping_status":"closed","template":"","meta":[],"product_brand":[],"product_cat":[95],"product_tag":[],"class_list":{"0":"post-3934","1":"product","2":"type-product","3":"status-publish","4":"has-post-thumbnail","6":"product_cat-brush-chippers","8":"first","9":"instock","10":"shipping-taxable","11":"product-type-simple"},"_links":{"self":[{"href":"https:\/\/unimaxcn.com\/fr\/wp-json\/wp\/v2\/product\/3934","targetHints":{"allow":["GET"]}}],"collection":[{"href":"https:\/\/unimaxcn.com\/fr\/wp-json\/wp\/v2\/product"}],"about":[{"href":"https:\/\/unimaxcn.com\/fr\/wp-json\/wp\/v2\/types\/product"}],"replies":[{"embeddable":true,"href":"https:\/\/unimaxcn.com\/fr\/wp-json\/wp\/v2\/comments?post=3934"}],"wp:featuredmedia":[{"embeddable":true,"href":"https:\/\/unimaxcn.com\/fr\/wp-json\/wp\/v2\/media\/3948"}],"wp:attachment":[{"href":"https:\/\/unimaxcn.com\/fr\/wp-json\/wp\/v2\/media?parent=3934"}],"wp:term":[{"taxonomy":"product_brand","embeddable":true,"href":"https:\/\/unimaxcn.com\/fr\/wp-json\/wp\/v2\/product_brand?post=3934"},{"taxonomy":"product_cat","embeddable":true,"href":"https:\/\/unimaxcn.com\/fr\/wp-json\/wp\/v2\/product_cat?post=3934"},{"taxonomy":"product_tag","embeddable":true,"href":"https:\/\/unimaxcn.com\/fr\/wp-json\/wp\/v2\/product_tag?post=3934"}],"curies":[{"name":"wp","href":"https:\/\/api.w.org\/{rel}","templated":true}]}}