{"id":2645,"date":"2025-03-27T08:10:10","date_gmt":"2025-03-27T08:10:10","guid":{"rendered":"https:\/\/unimaxcn.com\/?page_id=2645"},"modified":"2025-03-31T08:09:56","modified_gmt":"2025-03-31T08:09:56","slug":"industries-applications","status":"publish","type":"page","link":"https:\/\/unimaxcn.com\/fr\/applications-industrielles\/","title":{"rendered":"Applications"},"content":{"rendered":"<div data-elementor-type=\"wp-page\" data-elementor-id=\"2645\" class=\"elementor elementor-2645\" data-elementor-post-type=\"page\">\n\t\t\t\t<div class=\"elementor-element elementor-element-2d89d64 e-flex e-con-boxed e-con e-parent\" data-id=\"2d89d64\" data-element_type=\"container\" data-e-type=\"container\">\n\t\t\t\t\t<div class=\"e-con-inner\">\n\t\t\t\t<div class=\"elementor-element elementor-element-0d9cbaf elementor-widget elementor-widget-heading\" data-id=\"0d9cbaf\" data-element_type=\"widget\" data-e-type=\"widget\" data-widget_type=\"heading.default\">\n\t\t\t\t<div class=\"elementor-widget-container\">\n\t\t\t\t\t<h2 class=\"elementor-heading-title elementor-size-default\">Aper\u00e7u de la sylviculture<\/h2>\t\t\t\t<\/div>\n\t\t\t\t<\/div>\n\t\t\t\t\t<\/div>\n\t\t\t\t<\/div>\n\t\t<div class=\"elementor-element elementor-element-a0bba6e e-flex e-con-boxed e-con e-parent\" data-id=\"a0bba6e\" data-element_type=\"container\" data-e-type=\"container\">\n\t\t\t\t\t<div class=\"e-con-inner\">\n\t\t\t\t<div class=\"elementor-element elementor-element-9ce849d elementor-widget elementor-widget-text-editor\" data-id=\"9ce849d\" data-element_type=\"widget\" data-e-type=\"widget\" data-widget_type=\"text-editor.default\">\n\t\t\t\t<div class=\"elementor-widget-container\">\n\t\t\t\t\t\t\t\t\t<p>Les professionnels de l'exploitation foresti\u00e8re en Chine font confiance au nom Unimax pour une production maximale et une fiabilit\u00e9 sup\u00e9rieure dans les zones recul\u00e9es. Les applications foresti\u00e8res responsables et efficaces n\u00e9cessitent des \u00e9quipements capables de fonctionner sur des terrains et dans des conditions difficiles. Les broyeurs horizontaux et les d\u00e9chiqueteuses de bois transforment les arbres, les troncs, les souches, les broussailles et d'autres mat\u00e9riaux en produits finaux coh\u00e9rents.<br \/>Dans de nombreux cas de d\u00e9chiquetage et de broyage en for\u00eat, l'\u00e9loignement n\u00e9cessite des camions et d'autres consid\u00e9rations logistiques. Unimax a r\u00e9imagin\u00e9 la courbe de valeur en pensant aux exploitants forestiers et aux entrepreneurs de d\u00e9frichement. Les taux de production maximum des broyeurs et des d\u00e9chiqueteuses Unimax permettent de charger les camions plus rapidement pour que l'ensemble de l'op\u00e9ration se d\u00e9roule \u00e0 un rythme efficace. La conception du rotor \u00e0 h\u00e9lice d\u00e9cal\u00e9e et le caisson de broyage renforc\u00e9 d'Unimax permettent aux propri\u00e9taires d'obtenir les meilleurs taux de production. Les chenilles \u00e0 grand d\u00e9gagement et les composants robustes offrent une mobilit\u00e9 et une fiabilit\u00e9 sup\u00e9rieures dans les zones recul\u00e9es. Voir quelques-unes des \u00e9tudes de cas ci-dessous.<\/p>\t\t\t\t\t\t\t\t<\/div>\n\t\t\t\t<\/div>\n\t\t\t\t\t<\/div>\n\t\t\t\t<\/div>\n\t\t<div class=\"elementor-element elementor-element-8f6c0c1 e-flex e-con-boxed e-con e-parent\" data-id=\"8f6c0c1\" data-element_type=\"container\" data-e-type=\"container\">\n\t\t\t\t\t<div class=\"e-con-inner\">\n\t\t\t\t<div class=\"elementor-element elementor-element-0596970 elementor-widget elementor-widget-heading\" data-id=\"0596970\" data-element_type=\"widget\" data-e-type=\"widget\" data-widget_type=\"heading.default\">\n\t\t\t\t<div class=\"elementor-widget-container\">\n\t\t\t\t\t<h2 class=\"elementor-heading-title elementor-size-default\">\u00c9tudes de cas d'applications foresti\u00e8res<\/h2>\t\t\t\t<\/div>\n\t\t\t\t<\/div>\n\t\t\t\t\t<\/div>\n\t\t\t\t<\/div>\n\t\t<div class=\"elementor-element elementor-element-c71c1ad e-flex e-con-boxed e-con e-parent\" data-id=\"c71c1ad\" data-element_type=\"container\" data-e-type=\"container\">\n\t\t\t\t\t<div class=\"e-con-inner\">\n\t\t\t\t<div class=\"elementor-element elementor-element-8169c7e elementor-widget-divider--view-line elementor-invisible elementor-widget elementor-widget-divider\" data-id=\"8169c7e\" data-element_type=\"widget\" data-e-type=\"widget\" data-settings=\"{&quot;_animation&quot;:&quot;fadeInUp&quot;}\" data-widget_type=\"divider.default\">\n\t\t\t\t<div class=\"elementor-widget-container\">\n\t\t\t\t\t\t\t<div class=\"elementor-divider\">\n\t\t\t<span class=\"elementor-divider-separator\">\n\t\t\t\t\t\t<\/span>\n\t\t<\/div>\n\t\t\t\t\t\t<\/div>\n\t\t\t\t<\/div>\n\t\t\t\t\t<\/div>\n\t\t\t\t<\/div>\n\t\t\t\t<section class=\"elementor-section elementor-top-section elementor-element elementor-element-20283a elementor-section-full_width elementor-section-height-default elementor-section-height-default elementor-invisible\" data-id=\"20283a\" data-element_type=\"section\" data-e-type=\"section\" data-settings=\"{&quot;background_background&quot;:&quot;classic&quot;,&quot;animation&quot;:&quot;fadeInUp&quot;}\">\n\t\t\t\t\t\t<div class=\"elementor-container elementor-column-gap-default\">\n\t\t\t\t\t<div class=\"elementor-column elementor-col-50 elementor-top-column elementor-element elementor-element-205099f1\" data-id=\"205099f1\" data-element_type=\"column\" data-e-type=\"column\" data-settings=\"{&quot;background_background&quot;:&quot;classic&quot;}\">\n\t\t\t<div class=\"elementor-widget-wrap\">\n\t\t\t\t\t\t\t<\/div>\n\t\t<\/div>\n\t\t\t\t<div class=\"elementor-column elementor-col-50 elementor-top-column elementor-element elementor-element-43741019\" data-id=\"43741019\" data-element_type=\"column\" data-e-type=\"column\">\n\t\t\t<div class=\"elementor-widget-wrap elementor-element-populated\">\n\t\t\t\t\t\t<div class=\"elementor-element elementor-element-25a7a54f elementor-widget elementor-widget-elementskit-heading\" data-id=\"25a7a54f\" data-element_type=\"widget\" data-e-type=\"widget\" data-widget_type=\"elementskit-heading.default\">\n\t\t\t\t<div class=\"elementor-widget-container\">\n\t\t\t\t\t<div class=\"ekit-wid-con\" ><div class=\"ekit-heading elementskit-section-title-wraper text_left   ekit_heading_tablet-   ekit_heading_mobile-text_center\"><h2 class=\"ekit-heading--title elementskit-section-title\">Exploitation foresti\u00e8re et d\u00e9frichement<\/h2><\/div><\/div>\t\t\t\t<\/div>\n\t\t\t\t<\/div>\n\t\t\t\t<div class=\"elementor-element elementor-element-535a1b90 elementor-widget__width-initial elementor-widget elementor-widget-text-editor\" data-id=\"535a1b90\" data-element_type=\"widget\" data-e-type=\"widget\" data-widget_type=\"text-editor.default\">\n\t\t\t\t<div class=\"elementor-widget-container\">\n\t\t\t\t\t\t\t\t\t<p>Depuis le premier jour, les broyeurs Unimax ont \u00e9t\u00e9 sp\u00e9cialement con\u00e7us pour la puissance et la portabilit\u00e9 exig\u00e9es par les op\u00e9rations de d\u00e9frichement modernes. Les op\u00e9rations d'exploitation foresti\u00e8re et de d\u00e9frichement peuvent tirer parti des avanc\u00e9es d'Unimax en mati\u00e8re de portabilit\u00e9 pour r\u00e9duire la consommation de carburant et le co\u00fbt global du transport. Les chenilles et les roues, en option sur les \u00e9quipements Unimax, permettent aux entreprises de traiter les mat\u00e9riaux sur place dans les for\u00eats denses, dans les d\u00e9charges et m\u00eame sur les terrains accident\u00e9s. Dans de nombreux cas, il n'est plus n\u00e9cessaire de transporter des mati\u00e8res premi\u00e8res volumineuses vers une installation de production, ce qui permet de r\u00e9duire la consommation de carburant et les \u00e9missions tout en augmentant les marges b\u00e9n\u00e9ficiaires. En outre, ils peuvent broyer, d\u00e9chiqueter ou d\u00e9chiqueter les mat\u00e9riaux \u00e0 la taille qui convient le mieux \u00e0 leur produit final et maximiser chaque chargement de camion, tout en respectant les limites de poids l\u00e9gales.<\/p>\t\t\t\t\t\t\t\t<\/div>\n\t\t\t\t<\/div>\n\t\t\t\t\t<\/div>\n\t\t<\/div>\n\t\t\t\t\t<\/div>\n\t\t<\/section>\n\t\t<div class=\"elementor-element elementor-element-9b0c741 e-flex e-con-boxed e-con e-parent\" data-id=\"9b0c741\" data-element_type=\"container\" data-e-type=\"container\">\n\t\t\t\t\t<div class=\"e-con-inner\">\n\t\t\t\t<div class=\"elementor-element elementor-element-8d7086d elementor-widget-divider--view-line elementor-invisible elementor-widget elementor-widget-divider\" data-id=\"8d7086d\" data-element_type=\"widget\" data-e-type=\"widget\" data-settings=\"{&quot;_animation&quot;:&quot;fadeInUp&quot;}\" data-widget_type=\"divider.default\">\n\t\t\t\t<div class=\"elementor-widget-container\">\n\t\t\t\t\t\t\t<div class=\"elementor-divider\">\n\t\t\t<span class=\"elementor-divider-separator\">\n\t\t\t\t\t\t<\/span>\n\t\t<\/div>\n\t\t\t\t\t\t<\/div>\n\t\t\t\t<\/div>\n\t\t\t\t\t<\/div>\n\t\t\t\t<\/div>\n\t\t\t\t<section class=\"elementor-section elementor-top-section elementor-element elementor-element-11371051 elementor-section-full_width elementor-section-height-default elementor-section-height-default elementor-invisible\" data-id=\"11371051\" data-element_type=\"section\" data-e-type=\"section\" data-settings=\"{&quot;background_background&quot;:&quot;classic&quot;,&quot;animation&quot;:&quot;fadeInUp&quot;}\">\n\t\t\t\t\t\t<div class=\"elementor-container elementor-column-gap-default\">\n\t\t\t\t\t<div class=\"elementor-column elementor-col-50 elementor-top-column elementor-element elementor-element-36c40036\" data-id=\"36c40036\" data-element_type=\"column\" data-e-type=\"column\">\n\t\t\t<div class=\"elementor-widget-wrap elementor-element-populated\">\n\t\t\t\t\t\t<div class=\"elementor-element elementor-element-9b1431f elementor-widget elementor-widget-elementskit-heading\" data-id=\"9b1431f\" data-element_type=\"widget\" data-e-type=\"widget\" data-widget_type=\"elementskit-heading.default\">\n\t\t\t\t<div class=\"elementor-widget-container\">\n\t\t\t\t\t<div class=\"ekit-wid-con\" ><div class=\"ekit-heading elementskit-section-title-wraper text_left   ekit_heading_tablet-   ekit_heading_mobile-text_center\"><h2 class=\"ekit-heading--title elementskit-section-title\">Biomasse<\/h2><\/div><\/div>\t\t\t\t<\/div>\n\t\t\t\t<\/div>\n\t\t\t\t<div class=\"elementor-element elementor-element-55b842ac elementor-widget elementor-widget-text-editor\" data-id=\"55b842ac\" data-element_type=\"widget\" data-e-type=\"widget\" data-widget_type=\"text-editor.default\">\n\t\t\t\t<div class=\"elementor-widget-container\">\n\t\t\t\t\t\t\t\t\t<p>La biomasse est fabriqu\u00e9e \u00e0 partir de mati\u00e8res organiques, telles que le bois, pour produire des combustibles renouvelables ou de l'\u00e9lectricit\u00e9. Lorsqu'elles sont trait\u00e9es correctement, ces mati\u00e8res organiques peuvent \u00eatre converties en \u00e9nergie par combustion comme combustible, par conversion chimique ou par digestion ana\u00e9robie. Une utilisation courante de la biomasse est le broyage ou le d\u00e9chiquetage des d\u00e9chets de bois jusqu'\u00e0 une taille sp\u00e9cifique (spec) pour les utiliser comme combustible dans les centrales \u00e9lectriques.<br \/>Unimax con\u00e7oit des d\u00e9chiqueteuses et des broyeurs de biomasse dans un souci d'efficacit\u00e9 environnementale et \u00e9conomique. Les \u00e9quipements d'Unimax sont con\u00e7us pour \u00e9viter que la biomasse ne se retrouve dans les d\u00e9charges et dans les mains des fabricants qui la transforment efficacement en biocarburant.<\/p>\t\t\t\t\t\t\t\t<\/div>\n\t\t\t\t<\/div>\n\t\t\t\t\t<\/div>\n\t\t<\/div>\n\t\t\t\t<div class=\"elementor-column elementor-col-50 elementor-top-column elementor-element elementor-element-1f75b8ac\" data-id=\"1f75b8ac\" data-element_type=\"column\" data-e-type=\"column\" data-settings=\"{&quot;background_background&quot;:&quot;classic&quot;}\">\n\t\t\t<div class=\"elementor-widget-wrap\">\n\t\t\t\t\t\t\t<\/div>\n\t\t<\/div>\n\t\t\t\t\t<\/div>\n\t\t<\/section>\n\t\t<div class=\"elementor-element elementor-element-813920e e-flex e-con-boxed e-con e-parent\" data-id=\"813920e\" data-element_type=\"container\" data-e-type=\"container\">\n\t\t\t\t\t<div class=\"e-con-inner\">\n\t\t\t\t<div class=\"elementor-element elementor-element-1ac986c elementor-widget-divider--view-line elementor-invisible elementor-widget elementor-widget-divider\" data-id=\"1ac986c\" data-element_type=\"widget\" data-e-type=\"widget\" data-settings=\"{&quot;_animation&quot;:&quot;fadeInUp&quot;}\" data-widget_type=\"divider.default\">\n\t\t\t\t<div class=\"elementor-widget-container\">\n\t\t\t\t\t\t\t<div class=\"elementor-divider\">\n\t\t\t<span class=\"elementor-divider-separator\">\n\t\t\t\t\t\t<\/span>\n\t\t<\/div>\n\t\t\t\t\t\t<\/div>\n\t\t\t\t<\/div>\n\t\t\t\t\t<\/div>\n\t\t\t\t<\/div>\n\t\t\t\t<section class=\"elementor-section elementor-top-section elementor-element elementor-element-ebf10d3 elementor-section-full_width elementor-section-height-default elementor-section-height-default elementor-invisible\" data-id=\"ebf10d3\" data-element_type=\"section\" data-e-type=\"section\" data-settings=\"{&quot;background_background&quot;:&quot;classic&quot;,&quot;animation&quot;:&quot;fadeInUp&quot;}\">\n\t\t\t\t\t\t<div class=\"elementor-container elementor-column-gap-default\">\n\t\t\t\t\t<div class=\"elementor-column elementor-col-50 elementor-top-column elementor-element elementor-element-7b932f9\" data-id=\"7b932f9\" data-element_type=\"column\" data-e-type=\"column\" data-settings=\"{&quot;background_background&quot;:&quot;classic&quot;}\">\n\t\t\t<div class=\"elementor-widget-wrap\">\n\t\t\t\t\t\t\t<\/div>\n\t\t<\/div>\n\t\t\t\t<div class=\"elementor-column elementor-col-50 elementor-top-column elementor-element elementor-element-06c8e12\" data-id=\"06c8e12\" data-element_type=\"column\" data-e-type=\"column\">\n\t\t\t<div class=\"elementor-widget-wrap elementor-element-populated\">\n\t\t\t\t\t\t<div class=\"elementor-element elementor-element-6a103e2 elementor-widget elementor-widget-elementskit-heading\" data-id=\"6a103e2\" data-element_type=\"widget\" data-e-type=\"widget\" data-widget_type=\"elementskit-heading.default\">\n\t\t\t\t<div class=\"elementor-widget-container\">\n\t\t\t\t\t<div class=\"ekit-wid-con\" ><div class=\"ekit-heading elementskit-section-title-wraper text_left   ekit_heading_tablet-   ekit_heading_mobile-text_center\"><h2 class=\"ekit-heading--title elementskit-section-title\">Recyclage du verger<\/h2><\/div><\/div>\t\t\t\t<\/div>\n\t\t\t\t<\/div>\n\t\t\t\t<div class=\"elementor-element elementor-element-5eca366 elementor-widget__width-initial elementor-widget elementor-widget-text-editor\" data-id=\"5eca366\" data-element_type=\"widget\" data-e-type=\"widget\" data-widget_type=\"text-editor.default\">\n\t\t\t\t<div class=\"elementor-widget-container\">\n\t\t\t\t\t\t\t\t\t<p>Whole Orchard Recycling (WOR) est une alternative \u00e9conomique et durable \u00e0 l'incin\u00e9ration \u00e0 l'air libre des d\u00e9chets agricoles. Lorsque les producteurs doivent enlever de vieux arbres, les broyeurs et les d\u00e9chiqueteuses d'Unimax traitent efficacement le mat\u00e9riau. Le produit final peut \u00eatre recycl\u00e9 de diff\u00e9rentes mani\u00e8res.<br \/>Le recyclage des vergers permet de r\u00e9int\u00e9grer la biomasse dans le sol et d'am\u00e9liorer les performances du sol pour la prochaine g\u00e9n\u00e9ration d'arbres. Cette pratique \u00e9mergente transforme un probl\u00e8me en une solution durable. <br \/>Les machines Unimax sont id\u00e9ales pour les applications de recyclage dans les vergers en raison de leur mobilit\u00e9 et de leur production en grande quantit\u00e9. La polyvalence du rotor de type \"cassette\" de l'UMD1600 permet aux propri\u00e9taires de passer rapidement d'un rotor de d\u00e9chiquetage \u00e0 un rotor de broyage.<\/p>\t\t\t\t\t\t\t\t<\/div>\n\t\t\t\t<\/div>\n\t\t\t\t\t<\/div>\n\t\t<\/div>\n\t\t\t\t\t<\/div>\n\t\t<\/section>\n\t\t<div class=\"elementor-element elementor-element-d507996 e-flex e-con-boxed e-con e-parent\" data-id=\"d507996\" data-element_type=\"container\" data-e-type=\"container\">\n\t\t\t\t\t<div class=\"e-con-inner\">\n\t\t\t\t<div class=\"elementor-element elementor-element-dac7d5e elementor-widget-divider--view-line elementor-invisible elementor-widget elementor-widget-divider\" data-id=\"dac7d5e\" data-element_type=\"widget\" data-e-type=\"widget\" data-settings=\"{&quot;_animation&quot;:&quot;fadeInUp&quot;}\" data-widget_type=\"divider.default\">\n\t\t\t\t<div class=\"elementor-widget-container\">\n\t\t\t\t\t\t\t<div class=\"elementor-divider\">\n\t\t\t<span class=\"elementor-divider-separator\">\n\t\t\t\t\t\t<\/span>\n\t\t<\/div>\n\t\t\t\t\t\t<\/div>\n\t\t\t\t<\/div>\n\t\t\t\t\t<\/div>\n\t\t\t\t<\/div>\n\t\t\t\t<\/div>","protected":false},"excerpt":{"rendered":"<p>Forestry Overview Forestry professionals in china trust the Unimax name for &#8230; <\/p>","protected":false},"author":1,"featured_media":0,"parent":0,"menu_order":0,"comment_status":"closed","ping_status":"closed","template":"","meta":{"footnotes":""},"class_list":["post-2645","page","type-page","status-publish","hentry"],"_links":{"self":[{"href":"https:\/\/unimaxcn.com\/fr\/wp-json\/wp\/v2\/pages\/2645","targetHints":{"allow":["GET"]}}],"collection":[{"href":"https:\/\/unimaxcn.com\/fr\/wp-json\/wp\/v2\/pages"}],"about":[{"href":"https:\/\/unimaxcn.com\/fr\/wp-json\/wp\/v2\/types\/page"}],"author":[{"embeddable":true,"href":"https:\/\/unimaxcn.com\/fr\/wp-json\/wp\/v2\/users\/1"}],"replies":[{"embeddable":true,"href":"https:\/\/unimaxcn.com\/fr\/wp-json\/wp\/v2\/comments?post=2645"}],"version-history":[{"count":7,"href":"https:\/\/unimaxcn.com\/fr\/wp-json\/wp\/v2\/pages\/2645\/revisions"}],"predecessor-version":[{"id":2661,"href":"https:\/\/unimaxcn.com\/fr\/wp-json\/wp\/v2\/pages\/2645\/revisions\/2661"}],"wp:attachment":[{"href":"https:\/\/unimaxcn.com\/fr\/wp-json\/wp\/v2\/media?parent=2645"}],"curies":[{"name":"wp","href":"https:\/\/api.w.org\/{rel}","templated":true}]}}