{"id":2608,"date":"2025-03-27T06:51:27","date_gmt":"2025-03-27T06:51:27","guid":{"rendered":"https:\/\/unimaxcn.com\/?page_id=2608"},"modified":"2025-03-27T08:20:38","modified_gmt":"2025-03-27T08:20:38","slug":"industries-applications-organics","status":"publish","type":"page","link":"https:\/\/unimaxcn.com\/fr\/industries-applications-organiques\/","title":{"rendered":"Produits biologiques"},"content":{"rendered":"<div data-elementor-type=\"wp-page\" data-elementor-id=\"2608\" class=\"elementor elementor-2608\" data-elementor-post-type=\"page\">\n\t\t\t\t<div class=\"elementor-element elementor-element-2d89d64 e-flex e-con-boxed e-con e-parent\" data-id=\"2d89d64\" data-element_type=\"container\" data-e-type=\"container\">\n\t\t\t\t\t<div class=\"e-con-inner\">\n\t\t\t\t<div class=\"elementor-element elementor-element-0d9cbaf elementor-widget elementor-widget-heading\" data-id=\"0d9cbaf\" data-element_type=\"widget\" data-e-type=\"widget\" data-widget_type=\"heading.default\">\n\t\t\t\t<div class=\"elementor-widget-container\">\n\t\t\t\t\t<h2 class=\"elementor-heading-title elementor-size-default\">Aper\u00e7u des produits biologiques<\/h2>\t\t\t\t<\/div>\n\t\t\t\t<\/div>\n\t\t\t\t\t<\/div>\n\t\t\t\t<\/div>\n\t\t<div class=\"elementor-element elementor-element-a0bba6e e-flex e-con-boxed e-con e-parent\" data-id=\"a0bba6e\" data-element_type=\"container\" data-e-type=\"container\">\n\t\t\t\t\t<div class=\"e-con-inner\">\n\t\t\t\t<div class=\"elementor-element elementor-element-9ce849d elementor-widget elementor-widget-text-editor\" data-id=\"9ce849d\" data-element_type=\"widget\" data-e-type=\"widget\" data-widget_type=\"text-editor.default\">\n\t\t\t\t<div class=\"elementor-widget-container\">\n\t\t\t\t\t\t\t\t\t<p>Les march\u00e9s de recyclage organique permettent d'\u00e9viter que des mat\u00e9riaux tels que les d\u00e9chets verts, les tontes de gazon, les feuilles, les broussailles et les arbres ne finissent dans les d\u00e9charges. Ces mat\u00e9riaux naturels sont souvent apport\u00e9s aux sites de recyclage organique par les paysagistes, les professionnels de l'entretien des arbres, les entreprises de gestion des d\u00e9chets et m\u00eame les habitants. Les sites de recyclage peuvent transformer ces mat\u00e9riaux en compost, en paillis, en amendements, en biocarburant et en d'autres produits finaux de valeur.<\/p>\t\t\t\t\t\t\t\t<\/div>\n\t\t\t\t<\/div>\n\t\t\t\t\t<\/div>\n\t\t\t\t<\/div>\n\t\t<div class=\"elementor-element elementor-element-8f6c0c1 e-flex e-con-boxed e-con e-parent\" data-id=\"8f6c0c1\" data-element_type=\"container\" data-e-type=\"container\">\n\t\t\t\t\t<div class=\"e-con-inner\">\n\t\t\t\t<div class=\"elementor-element elementor-element-0596970 elementor-widget elementor-widget-heading\" data-id=\"0596970\" data-element_type=\"widget\" data-e-type=\"widget\" data-widget_type=\"heading.default\">\n\t\t\t\t<div class=\"elementor-widget-container\">\n\t\t\t\t\t<h2 class=\"elementor-heading-title elementor-size-default\">\u00c9tudes de cas d'applications organiques<\/h2>\t\t\t\t<\/div>\n\t\t\t\t<\/div>\n\t\t\t\t\t<\/div>\n\t\t\t\t<\/div>\n\t\t<div class=\"elementor-element elementor-element-c71c1ad e-flex e-con-boxed e-con e-parent\" data-id=\"c71c1ad\" data-element_type=\"container\" data-e-type=\"container\">\n\t\t\t\t\t<div class=\"e-con-inner\">\n\t\t\t\t<div class=\"elementor-element elementor-element-8169c7e elementor-widget-divider--view-line elementor-invisible elementor-widget elementor-widget-divider\" data-id=\"8169c7e\" data-element_type=\"widget\" data-e-type=\"widget\" data-settings=\"{&quot;_animation&quot;:&quot;fadeInUp&quot;}\" data-widget_type=\"divider.default\">\n\t\t\t\t<div class=\"elementor-widget-container\">\n\t\t\t\t\t\t\t<div class=\"elementor-divider\">\n\t\t\t<span class=\"elementor-divider-separator\">\n\t\t\t\t\t\t<\/span>\n\t\t<\/div>\n\t\t\t\t\t\t<\/div>\n\t\t\t\t<\/div>\n\t\t\t\t\t<\/div>\n\t\t\t\t<\/div>\n\t\t\t\t<section class=\"elementor-section elementor-top-section elementor-element elementor-element-20283a elementor-section-full_width elementor-section-height-default elementor-section-height-default elementor-invisible\" data-id=\"20283a\" data-element_type=\"section\" data-e-type=\"section\" data-settings=\"{&quot;background_background&quot;:&quot;classic&quot;,&quot;animation&quot;:&quot;fadeInUp&quot;}\">\n\t\t\t\t\t\t<div class=\"elementor-container elementor-column-gap-default\">\n\t\t\t\t\t<div class=\"elementor-column elementor-col-50 elementor-top-column elementor-element elementor-element-205099f1\" data-id=\"205099f1\" data-element_type=\"column\" data-e-type=\"column\" data-settings=\"{&quot;background_background&quot;:&quot;classic&quot;}\">\n\t\t\t<div class=\"elementor-widget-wrap\">\n\t\t\t\t\t\t\t<\/div>\n\t\t<\/div>\n\t\t\t\t<div class=\"elementor-column elementor-col-50 elementor-top-column elementor-element elementor-element-43741019\" data-id=\"43741019\" data-element_type=\"column\" data-e-type=\"column\">\n\t\t\t<div class=\"elementor-widget-wrap elementor-element-populated\">\n\t\t\t\t\t\t<div class=\"elementor-element elementor-element-25a7a54f elementor-widget elementor-widget-elementskit-heading\" data-id=\"25a7a54f\" data-element_type=\"widget\" data-e-type=\"widget\" data-widget_type=\"elementskit-heading.default\">\n\t\t\t\t<div class=\"elementor-widget-container\">\n\t\t\t\t\t<div class=\"ekit-wid-con\" ><div class=\"ekit-heading elementskit-section-title-wraper text_left   ekit_heading_tablet-   ekit_heading_mobile-text_center\"><h2 class=\"ekit-heading--title elementskit-section-title\">Compost<\/h2><\/div><\/div>\t\t\t\t<\/div>\n\t\t\t\t<\/div>\n\t\t\t\t<div class=\"elementor-element elementor-element-535a1b90 elementor-widget__width-initial elementor-widget elementor-widget-text-editor\" data-id=\"535a1b90\" data-element_type=\"widget\" data-e-type=\"widget\" data-widget_type=\"text-editor.default\">\n\t\t\t\t<div class=\"elementor-widget-container\">\n\t\t\t\t\t\t\t\t\t<p>Unimax fabrique des broyeurs de compost \u00e0 la pointe de l'industrie pour la production de gros volumes \u00e0 un faible co\u00fbt par tonne. Dans de nombreux \u00c9tats, les mati\u00e8res organiques telles que les broussailles, les feuilles et l'herbe ont \u00e9t\u00e9 interdites dans les d\u00e9charges car les d\u00e9chets biod\u00e9gradables s'y d\u00e9composent en biogaz contenant du m\u00e9thane qui, s'il n'est pas captur\u00e9, est un puissant gaz \u00e0 effet de serre nuisible \u00e0 l'environnement. De plus, une grande partie de ces mat\u00e9riaux est facilement recycl\u00e9e en produits finis tr\u00e8s pr\u00e9cieux comme le carburant, le paillis et les amendements de sol. Outre les avantages \u00e9conomiques de la production de compost en grande quantit\u00e9, des \u00e9tudes bien publi\u00e9es ont confirm\u00e9 l'impact positif du compost sur la s\u00e9questration du CO2 et l'am\u00e9lioration de la sant\u00e9 des sols.<\/p>\t\t\t\t\t\t\t\t<\/div>\n\t\t\t\t<\/div>\n\t\t\t\t\t<\/div>\n\t\t<\/div>\n\t\t\t\t\t<\/div>\n\t\t<\/section>\n\t\t<div class=\"elementor-element elementor-element-9b0c741 e-flex e-con-boxed e-con e-parent\" data-id=\"9b0c741\" data-element_type=\"container\" data-e-type=\"container\">\n\t\t\t\t\t<div class=\"e-con-inner\">\n\t\t\t\t<div class=\"elementor-element elementor-element-8d7086d elementor-widget-divider--view-line elementor-invisible elementor-widget elementor-widget-divider\" data-id=\"8d7086d\" data-element_type=\"widget\" data-e-type=\"widget\" data-settings=\"{&quot;_animation&quot;:&quot;fadeInUp&quot;}\" data-widget_type=\"divider.default\">\n\t\t\t\t<div class=\"elementor-widget-container\">\n\t\t\t\t\t\t\t<div class=\"elementor-divider\">\n\t\t\t<span class=\"elementor-divider-separator\">\n\t\t\t\t\t\t<\/span>\n\t\t<\/div>\n\t\t\t\t\t\t<\/div>\n\t\t\t\t<\/div>\n\t\t\t\t\t<\/div>\n\t\t\t\t<\/div>\n\t\t\t\t<section class=\"elementor-section elementor-top-section elementor-element elementor-element-11371051 elementor-section-full_width elementor-section-height-default elementor-section-height-default elementor-invisible\" data-id=\"11371051\" data-element_type=\"section\" data-e-type=\"section\" data-settings=\"{&quot;background_background&quot;:&quot;classic&quot;,&quot;animation&quot;:&quot;fadeInUp&quot;}\">\n\t\t\t\t\t\t<div class=\"elementor-container elementor-column-gap-default\">\n\t\t\t\t\t<div class=\"elementor-column elementor-col-50 elementor-top-column elementor-element elementor-element-36c40036\" data-id=\"36c40036\" data-element_type=\"column\" data-e-type=\"column\">\n\t\t\t<div class=\"elementor-widget-wrap elementor-element-populated\">\n\t\t\t\t\t\t<div class=\"elementor-element elementor-element-9b1431f elementor-widget elementor-widget-elementskit-heading\" data-id=\"9b1431f\" data-element_type=\"widget\" data-e-type=\"widget\" data-widget_type=\"elementskit-heading.default\">\n\t\t\t\t<div class=\"elementor-widget-container\">\n\t\t\t\t\t<div class=\"ekit-wid-con\" ><div class=\"ekit-heading elementskit-section-title-wraper text_left   ekit_heading_tablet-   ekit_heading_mobile-text_center\"><h2 class=\"ekit-heading--title elementskit-section-title\">D\u00e9chets de jardin<\/h2><\/div><\/div>\t\t\t\t<\/div>\n\t\t\t\t<\/div>\n\t\t\t\t<div class=\"elementor-element elementor-element-55b842ac elementor-widget elementor-widget-text-editor\" data-id=\"55b842ac\" data-element_type=\"widget\" data-e-type=\"widget\" data-widget_type=\"text-editor.default\">\n\t\t\t\t<div class=\"elementor-widget-container\">\n\t\t\t\t\t\t\t\t\t<p>Unimax fabrique des broyeurs de d\u00e9chets de jardin \u00e0 la pointe de l'industrie pour une vari\u00e9t\u00e9 d'utilisations. Dans de nombreux \u00c9tats, les d\u00e9chets de jardin, les mati\u00e8res organiques v\u00e9g\u00e9tales vertes comme les broussailles, les feuilles, l'herbe, etc. ont \u00e9t\u00e9 interdits dans les d\u00e9charges parce que les d\u00e9chets biod\u00e9gradables s'y d\u00e9composent en biogaz contenant du m\u00e9thane qui, s'il n'est pas captur\u00e9, est un puissant gaz \u00e0 effet de serre qui nuit \u00e0 l'environnement. De plus, une grande partie de ces mat\u00e9riaux est facilement recycl\u00e9e en produits finis tr\u00e8s utilisables et vendables, tels que le carburant, le paillis et les amendements de sol. <\/p>\t\t\t\t\t\t\t\t<\/div>\n\t\t\t\t<\/div>\n\t\t\t\t\t<\/div>\n\t\t<\/div>\n\t\t\t\t<div class=\"elementor-column elementor-col-50 elementor-top-column elementor-element elementor-element-1f75b8ac\" data-id=\"1f75b8ac\" data-element_type=\"column\" data-e-type=\"column\" data-settings=\"{&quot;background_background&quot;:&quot;classic&quot;}\">\n\t\t\t<div class=\"elementor-widget-wrap\">\n\t\t\t\t\t\t\t<\/div>\n\t\t<\/div>\n\t\t\t\t\t<\/div>\n\t\t<\/section>\n\t\t<div class=\"elementor-element elementor-element-813920e e-flex e-con-boxed e-con e-parent\" data-id=\"813920e\" data-element_type=\"container\" data-e-type=\"container\">\n\t\t\t\t\t<div class=\"e-con-inner\">\n\t\t\t\t<div class=\"elementor-element elementor-element-1ac986c elementor-widget-divider--view-line elementor-invisible elementor-widget elementor-widget-divider\" data-id=\"1ac986c\" data-element_type=\"widget\" data-e-type=\"widget\" data-settings=\"{&quot;_animation&quot;:&quot;fadeInUp&quot;}\" data-widget_type=\"divider.default\">\n\t\t\t\t<div class=\"elementor-widget-container\">\n\t\t\t\t\t\t\t<div class=\"elementor-divider\">\n\t\t\t<span class=\"elementor-divider-separator\">\n\t\t\t\t\t\t<\/span>\n\t\t<\/div>\n\t\t\t\t\t\t<\/div>\n\t\t\t\t<\/div>\n\t\t\t\t\t<\/div>\n\t\t\t\t<\/div>\n\t\t\t\t<section class=\"elementor-section elementor-top-section elementor-element elementor-element-ebf10d3 elementor-section-full_width elementor-section-height-default elementor-section-height-default elementor-invisible\" data-id=\"ebf10d3\" data-element_type=\"section\" data-e-type=\"section\" data-settings=\"{&quot;background_background&quot;:&quot;classic&quot;,&quot;animation&quot;:&quot;fadeInUp&quot;}\">\n\t\t\t\t\t\t<div class=\"elementor-container elementor-column-gap-default\">\n\t\t\t\t\t<div class=\"elementor-column elementor-col-50 elementor-top-column elementor-element elementor-element-7b932f9\" data-id=\"7b932f9\" data-element_type=\"column\" data-e-type=\"column\" data-settings=\"{&quot;background_background&quot;:&quot;classic&quot;}\">\n\t\t\t<div class=\"elementor-widget-wrap\">\n\t\t\t\t\t\t\t<\/div>\n\t\t<\/div>\n\t\t\t\t<div class=\"elementor-column elementor-col-50 elementor-top-column elementor-element elementor-element-06c8e12\" data-id=\"06c8e12\" data-element_type=\"column\" data-e-type=\"column\">\n\t\t\t<div class=\"elementor-widget-wrap elementor-element-populated\">\n\t\t\t\t\t\t<div class=\"elementor-element elementor-element-6a103e2 elementor-widget elementor-widget-elementskit-heading\" data-id=\"6a103e2\" data-element_type=\"widget\" data-e-type=\"widget\" data-widget_type=\"elementskit-heading.default\">\n\t\t\t\t<div class=\"elementor-widget-container\">\n\t\t\t\t\t<div class=\"ekit-wid-con\" ><div class=\"ekit-heading elementskit-section-title-wraper text_left   ekit_heading_tablet-   ekit_heading_mobile-text_center\"><h2 class=\"ekit-heading--title elementskit-section-title\">Paillis<\/h2><\/div><\/div>\t\t\t\t<\/div>\n\t\t\t\t<\/div>\n\t\t\t\t<div class=\"elementor-element elementor-element-5eca366 elementor-widget__width-initial elementor-widget elementor-widget-text-editor\" data-id=\"5eca366\" data-element_type=\"widget\" data-e-type=\"widget\" data-widget_type=\"text-editor.default\">\n\t\t\t\t<div class=\"elementor-widget-container\">\n\t\t\t\t\t\t\t\t\t<p>Les broyeurs de paillis sont un excellent moyen de lib\u00e9rer de l'espace dans votre jardin tout en cr\u00e9ant un produit final de valeur. Les d\u00e9bris de bois provenant de la construction et du d\u00e9frichement, l'\u00e9corce des scieries et le bois propre provenant de la construction sont souvent trait\u00e9s par des broyeurs de paillis et recycl\u00e9s. Le paillis est produit en broyant des mat\u00e9riaux de diff\u00e9rentes tailles pour diff\u00e9rentes applications. Il peut s'agir de mat\u00e9riaux grossiers pour le contr\u00f4le de l'\u00e9rosion ou de paillis plus fins pour les b\u00e2timents commerciaux ou r\u00e9sidentiels (souvent color\u00e9s pour des raisons esth\u00e9tiques). Les broyeurs Unimax peuvent \u00eatre configur\u00e9s avec une vari\u00e9t\u00e9 de pointes et de tamis pour garantir que la taille d\u00e9sir\u00e9e est atteinte pour votre paillis.<\/p>\t\t\t\t\t\t\t\t<\/div>\n\t\t\t\t<\/div>\n\t\t\t\t\t<\/div>\n\t\t<\/div>\n\t\t\t\t\t<\/div>\n\t\t<\/section>\n\t\t\t\t<\/div>","protected":false},"excerpt":{"rendered":"<p>Organics Overview Organic recycling markets prevent materials such as green waste, &#8230; <\/p>","protected":false},"author":1,"featured_media":0,"parent":0,"menu_order":0,"comment_status":"closed","ping_status":"closed","template":"","meta":{"footnotes":""},"class_list":["post-2608","page","type-page","status-publish","hentry"],"_links":{"self":[{"href":"https:\/\/unimaxcn.com\/fr\/wp-json\/wp\/v2\/pages\/2608","targetHints":{"allow":["GET"]}}],"collection":[{"href":"https:\/\/unimaxcn.com\/fr\/wp-json\/wp\/v2\/pages"}],"about":[{"href":"https:\/\/unimaxcn.com\/fr\/wp-json\/wp\/v2\/types\/page"}],"author":[{"embeddable":true,"href":"https:\/\/unimaxcn.com\/fr\/wp-json\/wp\/v2\/users\/1"}],"replies":[{"embeddable":true,"href":"https:\/\/unimaxcn.com\/fr\/wp-json\/wp\/v2\/comments?post=2608"}],"version-history":[{"count":27,"href":"https:\/\/unimaxcn.com\/fr\/wp-json\/wp\/v2\/pages\/2608\/revisions"}],"predecessor-version":[{"id":2664,"href":"https:\/\/unimaxcn.com\/fr\/wp-json\/wp\/v2\/pages\/2608\/revisions\/2664"}],"wp:attachment":[{"href":"https:\/\/unimaxcn.com\/fr\/wp-json\/wp\/v2\/media?parent=2608"}],"curies":[{"name":"wp","href":"https:\/\/api.w.org\/{rel}","templated":true}]}}