{"id":3706,"date":"2025-04-02T10:30:33","date_gmt":"2025-04-02T10:30:33","guid":{"rendered":"https:\/\/unimaxcn.com\/?post_type=product&#038;p=3706"},"modified":"2025-04-14T01:22:36","modified_gmt":"2025-04-14T01:22:36","slug":"12-inch-brush-chipper-ub1200","status":"publish","type":"product","link":"https:\/\/unimaxcn.com\/es\/product\/astilladora-de-12-pulgadas-ub1200\/","title":{"rendered":"Astilladora de cepillos de 12 pulgadas UB1200"},"content":{"rendered":"<div class=\"elementor-element elementor-element-de0eaba elementor-widget elementor-widget-heading\" data-id=\"de0eaba\" data-element_type=\"widget\" data-widget_type=\"heading.default\">\n<div class=\"elementor-widget-container\">\n<h2 class=\"elementor-heading-title elementor-size-default\"><span style=\"font-family: helvetica, arial, sans-serif; font-size: 30px; color: #333333;\">Descripci\u00f3n<\/span><\/h2>\n<p><span style=\"font-family: Arial; color: #000000;\">La astilladora UB1200 es un equipo avanzado de corte de materiales. Esta m\u00e1quina tiene ventajas sobre muchas otras astilladoras de madera y se fabrica sobre la base de la teor\u00eda de corte y cizallamiento. Al dise\u00f1ar la m\u00e1quina, el ingeniero tiene muy en cuenta la seguridad del sistema de alimentaci\u00f3n. El sistema profesional de detecci\u00f3n de velocidad y retroalimentaci\u00f3n puede reducir la tensi\u00f3n de presi\u00f3n sobre las piezas del motor, y mejora la eficiencia de trabajo del operador. Si el material de alimentaci\u00f3n es demasiado grande o demasiado duro, o el motor diesel est\u00e1 sobrecargado, este sistema cambiar\u00e1 de alimentaci\u00f3n continua a alimentaci\u00f3n intermitente autom\u00e1ticamente. Si se produce un atasco, el operador puede controlar la m\u00e1quina manualmente e invertir el rodillo de alimentaci\u00f3n. Adem\u00e1s, los gases residuales del motor diesel est\u00e1n conectados directamente con la c\u00e1mara de astillado, lo que aumenta la potencia de descarga.<\/span><br \/>\n<span style=\"font-family: Arial; color: #000000;\">La astilladora UB1200 se utiliza principalmente para astillar troncos, ramas, troncos de tama\u00f1o insuficiente, restos de corte de madera, arbustos, etc. para preparar material en plantas de fabricaci\u00f3n de papel, plantas de tableros de densidad y plantas de energ\u00eda de biomasa. <\/span><br \/>\n<span style=\"font-family: Arial; color: #000000;\">Cuando la m\u00e1quina est\u00e1 en funcionamiento, el material puede ser astillado r\u00e1pida y eficazmente en la c\u00e1mara de astillado. La m\u00e1quina se caracteriza por su robustez y durabilidad, alta capacidad de producci\u00f3n, bajo consumo de energ\u00eda y calidad de astillado uniforme, as\u00ed como por su bajo nivel de ruido, ausencia de contaminaci\u00f3n, f\u00e1cil operaci\u00f3n y f\u00e1cil mantenimiento.<\/span><\/p>\n<p><img fetchpriority=\"high\" decoding=\"async\" class=\"wp-image-3751 size-full aligncenter\" src=\"data:image\/svg+xml,%3Csvg%20xmlns%3D&#39;http%3A%2F%2Fwww.w3.org%2F2000%2Fsvg&#39;%20width=&#39;1200&#39;%20height=&#39;385&#39;%20viewBox%3D&#39;0%200%201200%20385&#39;%2F%3E\" data-czlz data-src=\"https:\/\/unimaxcn.com\/wp-content\/uploads\/2025\/04\/Wood-and-Bamboo-Multipurpose-Diesel-Drum-Wood-Chipper-6.avif\" alt=\"\" width=\"1200\" height=\"385\" data-srcset=\"https:\/\/unimaxcn.com\/wp-content\/uploads\/2025\/04\/Wood-and-Bamboo-Multipurpose-Diesel-Drum-Wood-Chipper-6.avif 1200w, https:\/\/unimaxcn.com\/wp-content\/uploads\/2025\/04\/Wood-and-Bamboo-Multipurpose-Diesel-Drum-Wood-Chipper-6-300x96.avif 300w, https:\/\/unimaxcn.com\/wp-content\/uploads\/2025\/04\/Wood-and-Bamboo-Multipurpose-Diesel-Drum-Wood-Chipper-6-1024x329.avif 1024w, https:\/\/unimaxcn.com\/wp-content\/uploads\/2025\/04\/Wood-and-Bamboo-Multipurpose-Diesel-Drum-Wood-Chipper-6-768x246.avif 768w, https:\/\/unimaxcn.com\/wp-content\/uploads\/2025\/04\/Wood-and-Bamboo-Multipurpose-Diesel-Drum-Wood-Chipper-6-600x193.avif 600w, https:\/\/unimaxcn.com\/wp-content\/uploads\/2025\/04\/Wood-and-Bamboo-Multipurpose-Diesel-Drum-Wood-Chipper-6-1000x321.avif 1000w\" data-sizes=\"(max-width: 1200px) 100vw, 1200px\" \/><\/p>\n<\/div>\n<\/div>\n<div class=\"elementor-element elementor-element-0f2b9a3 elementor-widget elementor-widget-text-editor\" data-id=\"0f2b9a3\" data-element_type=\"widget\" data-widget_type=\"text-editor.default\">\n<div class=\"elementor-widget-container\">\n<div class=\"elementor elementor-1759 elementor-location-single post-1749 product type-product status-publish has-post-thumbnail product_cat-tub-grinders first instock shipping-taxable product-type-simple product\" data-elementor-type=\"product\" data-elementor-id=\"1759\" data-elementor-post-type=\"elementor_library\">\n<div class=\"elementor-element elementor-element-940b1ba e-flex e-con-boxed e-con e-parent e-lazyloaded\" data-id=\"940b1ba\" data-element_type=\"container\">\n<div class=\"e-con-inner\">\n<div class=\"elementor-element elementor-element-dbee17c elementor-widget elementor-widget-text-editor\" data-id=\"dbee17c\" data-element_type=\"widget\" data-widget_type=\"text-editor.default\">\n<div class=\"elementor-widget-container\">\n<div class=\"entm-row_wrap entm-type_text\">\n<section id=\"products-hot-029--5\" class=\"light pb-30\">\n<div class=\"center\">\n<div class=\"pic-box pt-10\">\n<div class=\"content-box\">\n<div class=\"img-box\">\n<div class=\"entm-row_wrap entm-type_gallerySmart\">\n<div class=\"enter_chart_content11 instantiationColorWrap\">\n<table style=\"width: 101.062%; height: 231px;\">\n<tbody>\n<tr style=\"height: 55px;\">\n<td style=\"text-align: left; height: 55px; background-color: #1f2e63; width: 14.2968%;\" width=\"106\"><span style=\"font-size: 18px; color: #ffffff;\"><strong><span style=\"font-family: Arial;\">Modelo<\/span><\/strong><\/span><\/td>\n<td style=\"text-align: center; height: 55px; background-color: #1f2e63; width: 17.1214%;\" width=\"93\"><span style=\"font-size: 18px; color: #ffffff;\"><strong><span style=\"font-family: Arial;\">UB500<\/span><\/strong><\/span><\/td>\n<td style=\"text-align: center; height: 55px; background-color: #1f2e63; width: 17.4083%;\" width=\"93\"><span style=\"font-size: 18px; color: #ffffff;\"><strong><span style=\"font-family: Arial;\">UB600<\/span><\/strong><\/span><\/td>\n<td style=\"text-align: center; height: 55px; background-color: #1f2e63; width: 17.3011%;\" width=\"93\"><span style=\"font-size: 18px; color: #ffffff;\"><strong><span style=\"font-family: Arial;\">UB900<\/span><\/strong><\/span><\/td>\n<td style=\"text-align: center; height: 55px; background-color: #1f2e63; width: 17.0864%;\" width=\"93\"><span style=\"font-size: 18px; color: #ffffff;\"><strong><span style=\"font-family: Arial;\">UB1200<\/span><\/strong><\/span><\/td>\n<td style=\"text-align: center; height: 55px; background-color: #1f2e63; width: 22.4376%;\" width=\"93\"><span style=\"font-size: 18px; color: #ffffff;\"><strong><span style=\"font-family: Arial;\">UB1600<\/span><\/strong><\/span><\/td>\n<\/tr>\n<tr style=\"height: 10px;\">\n<td style=\"text-align: left; height: 10px; width: 14.2968%;\" width=\"106\"><span style=\"font-family: Arial; color: #000000;\">Tama\u00f1o del puerto de entrada<\/span><\/td>\n<td style=\"text-align: center; height: 10px; width: 17.1214%;\" width=\"93\"><span style=\"font-family: Arial; color: #000000;\">300*200mm<\/span><\/td>\n<td style=\"text-align: center; height: 10px; width: 17.4083%;\" width=\"93\"><span style=\"font-family: Arial; color: #000000;\">300*200mm<\/span><\/td>\n<td style=\"text-align: center; height: 10px; width: 17.3011%;\" width=\"93\"><span style=\"font-family: Arial; color: #000000;\">380*300mm<\/span><\/td>\n<td style=\"text-align: center; height: 10px; width: 17.0864%;\" width=\"93\"><span style=\"font-family: Arial; color: #000000;\">450*380mm<\/span><\/td>\n<td style=\"text-align: center; height: 10px; width: 22.4376%;\" width=\"93\"><span style=\"font-family: Arial; color: #000000;\">860*480mm<\/span><\/td>\n<\/tr>\n<tr style=\"height: 10px;\">\n<td style=\"text-align: left; height: 10px; width: 14.2968%;\" width=\"106\"><span style=\"font-family: Arial; color: #000000;\">Di\u00e1metro m\u00e1x.madera<\/span><\/td>\n<td style=\"text-align: center; height: 10px; width: 17.1214%;\" width=\"93\"><span style=\"font-family: Arial; color: #000000;\">120 mm<\/span><\/td>\n<td style=\"text-align: center; height: 10px; width: 17.4083%;\" width=\"93\"><span style=\"font-family: Arial; color: #000000;\">150 mm<\/span><\/td>\n<td style=\"text-align: center; height: 10px; width: 17.3011%;\" width=\"93\"><span style=\"font-family: Arial; color: #000000;\">220 mm<\/span><\/td>\n<td style=\"text-align: center; height: 10px; width: 17.0864%;\" width=\"93\"><span style=\"font-family: Arial; color: #000000;\">300 mm<\/span><\/td>\n<td style=\"text-align: center; height: 10px; width: 22.4376%;\" width=\"93\"><span style=\"font-family: Arial; color: #000000;\">430 mm<\/span><\/td>\n<\/tr>\n<tr style=\"height: 10px;\">\n<td style=\"text-align: left; height: 10px; width: 14.2968%;\" width=\"106\"><span style=\"font-family: Arial; color: #000000;\">Tipo de alimentaci\u00f3n<\/span><\/td>\n<td style=\"text-align: center; height: 10px; width: 17.1214%;\" width=\"93\"><span style=\"font-family: Arial; color: #000000;\">Manual<\/span><\/td>\n<td style=\"text-align: center; height: 10px; width: 17.4083%;\" width=\"93\"><span style=\"font-family: Arial; color: #000000;\">Manual<\/span><\/td>\n<td style=\"text-align: center; height: 10px; width: 17.3011%;\" width=\"93\"><span style=\"font-family: Arial; color: #000000;\">Autom\u00e1tico<\/span><\/td>\n<td style=\"text-align: center; height: 10px; width: 17.0864%;\" width=\"93\"><span style=\"font-family: Arial; color: #000000;\">Autom\u00e1tico<\/span><\/td>\n<td style=\"text-align: center; height: 10px; width: 22.4376%;\" width=\"93\"><span style=\"font-family: Arial; color: #000000;\">Autom\u00e1tico<\/span><\/td>\n<\/tr>\n<tr style=\"height: 10px;\">\n<td style=\"text-align: left; height: 10px; width: 14.2968%;\" width=\"106\"><span style=\"font-family: Arial; color: #000000;\">Tama\u00f1o del rotor<\/span><\/td>\n<td style=\"text-align: center; height: 10px; width: 17.1214%;\" width=\"93\"><span style=\"font-family: Arial; color: #000000;\">\u03a6300*320mm<\/span><\/td>\n<td style=\"text-align: center; height: 10px; width: 17.4083%;\" width=\"93\"><span style=\"font-family: Arial; color: #000000;\">\u03a6300*330mm<\/span><\/td>\n<td style=\"text-align: center; height: 10px; width: 17.3011%;\" width=\"93\"><span style=\"font-family: Arial; color: #000000;\">\u03a6400*450mm<\/span><\/td>\n<td style=\"text-align: center; height: 10px; width: 17.0864%;\" width=\"93\"><span style=\"font-family: Arial; color: #000000;\">\u03a6500*520mm<\/span><\/td>\n<td style=\"text-align: center; height: 10px; width: 22.4376%;\" width=\"93\"><span style=\"font-family: Arial; color: #000000;\">\u03a6800*750mm<\/span><\/td>\n<\/tr>\n<tr style=\"height: 10px;\">\n<td style=\"text-align: left; height: 10px; width: 14.2968%;\" width=\"106\"><span style=\"font-family: Arial; color: #000000;\">Cantidad de cuchillas<\/span><\/td>\n<td style=\"text-align: center; height: 10px; width: 17.1214%;\" width=\"93\"><span style=\"font-family: Arial; color: #000000;\">5 piezas<\/span><\/td>\n<td style=\"text-align: center; height: 10px; width: 17.4083%;\" width=\"93\"><span style=\"font-family: Arial; color: #000000;\">5 piezas<\/span><\/td>\n<td style=\"text-align: center; height: 10px; width: 17.3011%;\" width=\"93\"><span style=\"font-family: Arial; color: #000000;\">5 piezas<\/span><\/td>\n<td style=\"text-align: center; height: 10px; width: 17.0864%;\" width=\"93\"><span style=\"font-family: Arial; color: #000000;\">5 piezas<\/span><\/td>\n<td style=\"text-align: center; height: 10px; width: 22.4376%;\" width=\"93\"><span style=\"font-family: Arial; color: #000000;\">9 piezas<\/span><\/td>\n<\/tr>\n<tr style=\"height: 33px;\">\n<td style=\"text-align: left; height: 33px; width: 14.2968%;\" width=\"106\"><span style=\"font-family: Arial; color: #000000;\">Tipo de motor<\/span><\/td>\n<td style=\"text-align: center; height: 33px; width: 17.1214%;\" width=\"93\"><span style=\"font-family: Arial; color: #000000;\">motor diesel \/ Motor<\/span><\/td>\n<td style=\"text-align: center; height: 33px; width: 17.4083%;\" width=\"93\"><span style=\"font-family: Arial; color: #000000;\">motor diesel \/ Motor<\/span><\/td>\n<td style=\"text-align: center; height: 33px; width: 17.3011%;\" width=\"93\"><span style=\"font-family: Arial; color: #000000;\">motor diesel \/ Motor<\/span><\/td>\n<td style=\"text-align: center; height: 33px; width: 17.0864%;\" width=\"93\"><span style=\"font-family: Arial; color: #000000;\">motor diesel \/ Motor<\/span><\/td>\n<td style=\"text-align: center; height: 33px; width: 22.4376%;\" width=\"93\"><span style=\"font-family: Arial; color: #000000;\">motor diesel \/ Motor<\/span><\/td>\n<\/tr>\n<tr style=\"height: 10px;\">\n<td style=\"text-align: left; height: 10px; width: 14.2968%;\" width=\"106\"><span style=\"font-family: Arial; color: #000000;\">Potencia del motor<\/span><\/td>\n<td style=\"text-align: center; height: 10px; width: 17.1214%;\" width=\"93\"><span style=\"font-family: Arial; color: #000000;\">35CV 1 cilindro<\/span><\/td>\n<td style=\"text-align: center; height: 10px; width: 17.4083%;\" width=\"93\"><span style=\"font-family: Arial; color: #000000;\">55CV 4 cil.<\/span><\/td>\n<td style=\"text-align: center; height: 10px; width: 17.3011%;\" width=\"93\"><span style=\"font-family: Arial; color: #000000;\">80CV 4 cil.<\/span><\/td>\n<td style=\"text-align: center; height: 10px; width: 17.0864%;\" width=\"93\"><span style=\"font-family: Arial; color: #000000;\">102CV 4 cil.<\/span><\/td>\n<td style=\"text-align: center; height: 10px; width: 22.4376%;\" width=\"93\"><span style=\"font-family: Arial; color: #000000;\">235CV 4 cilindros<\/span><\/td>\n<\/tr>\n<tr style=\"height: 10px;\">\n<td style=\"text-align: left; height: 10px; width: 14.2968%;\" width=\"106\"><span style=\"font-family: Arial; color: #000000;\">Velocidad de rotaci\u00f3n<\/span><\/td>\n<td style=\"text-align: center; height: 10px; width: 17.1214%;\" width=\"93\"><span style=\"font-family: Arial; color: #000000;\">3000 rpm<\/span><\/td>\n<td style=\"text-align: center; height: 10px; width: 17.4083%;\" width=\"93\"><span style=\"font-family: Arial; color: #000000;\">3000 rpm<\/span><\/td>\n<td style=\"text-align: center; height: 10px; width: 17.3011%;\" width=\"93\"><span style=\"font-family: Arial; color: #000000;\">2600 rpm<\/span><\/td>\n<td style=\"text-align: center; height: 10px; width: 17.0864%;\" width=\"93\"><span style=\"font-family: Arial; color: #000000;\">2600 rpm<\/span><\/td>\n<td style=\"text-align: center; height: 10px; width: 22.4376%;\" width=\"93\"><span style=\"font-family: Arial; color: #000000;\">1600 rpm<\/span><\/td>\n<\/tr>\n<tr style=\"height: 18px;\">\n<td style=\"text-align: left; height: 18px; width: 14.2968%;\" width=\"106\"><span style=\"font-family: Arial; color: #000000;\">Capacidad<\/span><\/td>\n<td style=\"text-align: center; height: 18px; width: 17.1214%;\" width=\"93\"><span style=\"font-family: Arial; color: #000000;\">1-2 TPH<\/span><\/td>\n<td style=\"text-align: center; height: 18px; width: 17.4083%;\" width=\"93\"><span style=\"font-family: Arial; color: #000000;\">2-3 TPH<\/span><\/td>\n<td style=\"text-align: center; height: 18px; width: 17.3011%;\" width=\"93\"><span style=\"font-family: Arial; color: #000000;\">3-5 TPH<\/span><\/td>\n<td style=\"text-align: center; height: 18px; width: 17.0864%;\" width=\"93\"><span style=\"font-family: Arial; color: #000000;\">5-6 TPH<\/span><\/td>\n<td style=\"text-align: center; height: 18px; width: 22.4376%;\" width=\"93\"><span style=\"font-family: Arial; color: #000000;\">6-8 TPH<\/span><\/td>\n<\/tr>\n<tr style=\"height: 26px;\">\n<td style=\"text-align: left; height: 26px; width: 14.2968%;\" width=\"106\"><span style=\"font-family: Arial; color: #000000;\">Dimensi\u00f3n<\/span><\/td>\n<td style=\"text-align: center; height: 26px; width: 17.1214%;\" width=\"93\"><span style=\"font-family: Arial; color: #000000;\">2450*1300*180mm<\/span><\/td>\n<td style=\"text-align: center; height: 26px; width: 17.4083%;\" width=\"93\"><span style=\"font-family: Arial; color: #000000;\">2450*1300*1800mm<\/span><\/td>\n<td style=\"text-align: center; height: 26px; width: 17.3011%;\" width=\"93\"><span style=\"font-family: Arial; color: #000000;\">3680*1600*3000mm<\/span><\/td>\n<td style=\"text-align: center; height: 26px; width: 17.0864%;\" width=\"93\"><span style=\"font-family: Arial; color: #000000;\">3900*1800*2400mm<\/span><\/td>\n<td style=\"text-align: center; height: 26px; width: 22.4376%;\" width=\"93\"><span style=\"font-family: Arial; color: #000000;\">5600*2200*2900mm<\/span><\/td>\n<\/tr>\n<tr style=\"height: 29px;\">\n<td style=\"text-align: left; height: 29px; width: 14.2968%;\" width=\"106\"><span style=\"font-family: Arial; color: #000000;\">Peso<\/span><\/td>\n<td style=\"text-align: center; height: 29px; width: 17.1214%;\" width=\"93\"><span style=\"font-family: Arial; color: #000000;\">0.9 t<\/span><\/td>\n<td style=\"text-align: center; height: 29px; width: 17.4083%;\" width=\"93\"><span style=\"font-family: Arial; color: #000000;\">1 t<\/span><\/td>\n<td style=\"text-align: center; height: 29px; width: 17.3011%;\" width=\"93\"><span style=\"font-family: Arial; color: #000000;\">1.7 t<\/span><\/td>\n<td style=\"text-align: center; height: 29px; width: 17.0864%;\" width=\"93\"><span style=\"font-family: Arial; color: #000000;\">2.1 t<\/span><\/td>\n<td style=\"text-align: center; height: 29px; width: 22.4376%;\" width=\"93\"><span style=\"font-family: Arial; color: #000000;\">3.2 t<\/span><\/td>\n<\/tr>\n<\/tbody>\n<\/table>\n<\/div>\n<\/div>\n<\/div>\n<\/div>\n<\/div>\n<\/div>\n<\/section>\n<\/div>\n<\/div>\n<\/div>\n<\/div>\n<\/div>\n<\/div>\n<\/div>\n<\/div>","protected":false},"excerpt":{"rendered":"<h3><span style=\"font-family: Arial; color: #000000;\">Astilladora de cepillos de 12 pulgadas UB1200\u00a0<\/span><\/h3>\n<p><span","protected":false},"featured_media":3945,"comment_status":"open","ping_status":"closed","template":"","meta":[],"product_brand":[],"product_cat":[95],"product_tag":[],"class_list":{"0":"post-3706","1":"product","2":"type-product","3":"status-publish","4":"has-post-thumbnail","6":"product_cat-brush-chippers","8":"first","9":"instock","10":"shipping-taxable","11":"product-type-simple"},"_links":{"self":[{"href":"https:\/\/unimaxcn.com\/es\/wp-json\/wp\/v2\/product\/3706","targetHints":{"allow":["GET"]}}],"collection":[{"href":"https:\/\/unimaxcn.com\/es\/wp-json\/wp\/v2\/product"}],"about":[{"href":"https:\/\/unimaxcn.com\/es\/wp-json\/wp\/v2\/types\/product"}],"replies":[{"embeddable":true,"href":"https:\/\/unimaxcn.com\/es\/wp-json\/wp\/v2\/comments?post=3706"}],"wp:featuredmedia":[{"embeddable":true,"href":"https:\/\/unimaxcn.com\/es\/wp-json\/wp\/v2\/media\/3945"}],"wp:attachment":[{"href":"https:\/\/unimaxcn.com\/es\/wp-json\/wp\/v2\/media?parent=3706"}],"wp:term":[{"taxonomy":"product_brand","embeddable":true,"href":"https:\/\/unimaxcn.com\/es\/wp-json\/wp\/v2\/product_brand?post=3706"},{"taxonomy":"product_cat","embeddable":true,"href":"https:\/\/unimaxcn.com\/es\/wp-json\/wp\/v2\/product_cat?post=3706"},{"taxonomy":"product_tag","embeddable":true,"href":"https:\/\/unimaxcn.com\/es\/wp-json\/wp\/v2\/product_tag?post=3706"}],"curies":[{"name":"wp","href":"https:\/\/api.w.org\/{rel}","templated":true}]}}