{"id":2608,"date":"2025-03-27T06:51:27","date_gmt":"2025-03-27T06:51:27","guid":{"rendered":"https:\/\/unimaxcn.com\/?page_id=2608"},"modified":"2025-03-27T08:20:38","modified_gmt":"2025-03-27T08:20:38","slug":"industries-applications-organics","status":"publish","type":"page","link":"https:\/\/unimaxcn.com\/es\/industrias-aplicaciones-organicos\/","title":{"rendered":"Organics"},"content":{"rendered":"<div data-elementor-type=\"wp-page\" data-elementor-id=\"2608\" class=\"elementor elementor-2608\" data-elementor-post-type=\"page\">\n\t\t\t\t<div class=\"elementor-element elementor-element-2d89d64 e-flex e-con-boxed e-con e-parent\" data-id=\"2d89d64\" data-element_type=\"container\" data-e-type=\"container\">\n\t\t\t\t\t<div class=\"e-con-inner\">\n\t\t\t\t<div class=\"elementor-element elementor-element-0d9cbaf elementor-widget elementor-widget-heading\" data-id=\"0d9cbaf\" data-element_type=\"widget\" data-e-type=\"widget\" data-widget_type=\"heading.default\">\n\t\t\t\t<div class=\"elementor-widget-container\">\n\t\t\t\t\t<h2 class=\"elementor-heading-title elementor-size-default\">Panorama org\u00e1nico<\/h2>\t\t\t\t<\/div>\n\t\t\t\t<\/div>\n\t\t\t\t\t<\/div>\n\t\t\t\t<\/div>\n\t\t<div class=\"elementor-element elementor-element-a0bba6e e-flex e-con-boxed e-con e-parent\" data-id=\"a0bba6e\" data-element_type=\"container\" data-e-type=\"container\">\n\t\t\t\t\t<div class=\"e-con-inner\">\n\t\t\t\t<div class=\"elementor-element elementor-element-9ce849d elementor-widget elementor-widget-text-editor\" data-id=\"9ce849d\" data-element_type=\"widget\" data-e-type=\"widget\" data-widget_type=\"text-editor.default\">\n\t\t\t\t<div class=\"elementor-widget-container\">\n\t\t\t\t\t\t\t\t\t<p>Los mercados de reciclaje org\u00e1nico evitan que materiales como residuos verdes, recortes de c\u00e9sped, hojas, maleza y \u00e1rboles acaben en los vertederos. Estos materiales naturales suelen llegar a los centros de reciclaje org\u00e1nico de la mano de paisajistas, profesionales del cuidado de \u00e1rboles, empresas de gesti\u00f3n de residuos e incluso residentes. Los centros de reciclaje pueden transformar estos materiales en compost, mantillo, enmiendas del suelo, biocombustible y otros valiosos productos finales.<\/p>\t\t\t\t\t\t\t\t<\/div>\n\t\t\t\t<\/div>\n\t\t\t\t\t<\/div>\n\t\t\t\t<\/div>\n\t\t<div class=\"elementor-element elementor-element-8f6c0c1 e-flex e-con-boxed e-con e-parent\" data-id=\"8f6c0c1\" data-element_type=\"container\" data-e-type=\"container\">\n\t\t\t\t\t<div class=\"e-con-inner\">\n\t\t\t\t<div class=\"elementor-element elementor-element-0596970 elementor-widget elementor-widget-heading\" data-id=\"0596970\" data-element_type=\"widget\" data-e-type=\"widget\" data-widget_type=\"heading.default\">\n\t\t\t\t<div class=\"elementor-widget-container\">\n\t\t\t\t\t<h2 class=\"elementor-heading-title elementor-size-default\">Casos pr\u00e1cticos de aplicaciones org\u00e1nicas<\/h2>\t\t\t\t<\/div>\n\t\t\t\t<\/div>\n\t\t\t\t\t<\/div>\n\t\t\t\t<\/div>\n\t\t<div class=\"elementor-element elementor-element-c71c1ad e-flex e-con-boxed e-con e-parent\" data-id=\"c71c1ad\" data-element_type=\"container\" data-e-type=\"container\">\n\t\t\t\t\t<div class=\"e-con-inner\">\n\t\t\t\t<div class=\"elementor-element elementor-element-8169c7e elementor-widget-divider--view-line elementor-invisible elementor-widget elementor-widget-divider\" data-id=\"8169c7e\" data-element_type=\"widget\" data-e-type=\"widget\" data-settings=\"{&quot;_animation&quot;:&quot;fadeInUp&quot;}\" data-widget_type=\"divider.default\">\n\t\t\t\t<div class=\"elementor-widget-container\">\n\t\t\t\t\t\t\t<div class=\"elementor-divider\">\n\t\t\t<span class=\"elementor-divider-separator\">\n\t\t\t\t\t\t<\/span>\n\t\t<\/div>\n\t\t\t\t\t\t<\/div>\n\t\t\t\t<\/div>\n\t\t\t\t\t<\/div>\n\t\t\t\t<\/div>\n\t\t\t\t<section class=\"elementor-section elementor-top-section elementor-element elementor-element-20283a elementor-section-full_width elementor-section-height-default elementor-section-height-default elementor-invisible\" data-id=\"20283a\" data-element_type=\"section\" data-e-type=\"section\" data-settings=\"{&quot;background_background&quot;:&quot;classic&quot;,&quot;animation&quot;:&quot;fadeInUp&quot;}\">\n\t\t\t\t\t\t<div class=\"elementor-container elementor-column-gap-default\">\n\t\t\t\t\t<div class=\"elementor-column elementor-col-50 elementor-top-column elementor-element elementor-element-205099f1\" data-id=\"205099f1\" data-element_type=\"column\" data-e-type=\"column\" data-settings=\"{&quot;background_background&quot;:&quot;classic&quot;}\">\n\t\t\t<div class=\"elementor-widget-wrap\">\n\t\t\t\t\t\t\t<\/div>\n\t\t<\/div>\n\t\t\t\t<div class=\"elementor-column elementor-col-50 elementor-top-column elementor-element elementor-element-43741019\" data-id=\"43741019\" data-element_type=\"column\" data-e-type=\"column\">\n\t\t\t<div class=\"elementor-widget-wrap elementor-element-populated\">\n\t\t\t\t\t\t<div class=\"elementor-element elementor-element-25a7a54f elementor-widget elementor-widget-elementskit-heading\" data-id=\"25a7a54f\" data-element_type=\"widget\" data-e-type=\"widget\" data-widget_type=\"elementskit-heading.default\">\n\t\t\t\t<div class=\"elementor-widget-container\">\n\t\t\t\t\t<div class=\"ekit-wid-con\" ><div class=\"ekit-heading elementskit-section-title-wraper text_left   ekit_heading_tablet-   ekit_heading_mobile-text_center\"><h2 class=\"ekit-heading--title elementskit-section-title\">Compost<\/h2><\/div><\/div>\t\t\t\t<\/div>\n\t\t\t\t<\/div>\n\t\t\t\t<div class=\"elementor-element elementor-element-535a1b90 elementor-widget__width-initial elementor-widget elementor-widget-text-editor\" data-id=\"535a1b90\" data-element_type=\"widget\" data-e-type=\"widget\" data-widget_type=\"text-editor.default\">\n\t\t\t\t<div class=\"elementor-widget-container\">\n\t\t\t\t\t\t\t\t\t<p>Unimax fabrica trituradoras de compost l\u00edderes en la industria para una producci\u00f3n de gran volumen a un bajo coste por tonelada. En muchos estados, el material org\u00e1nico como la maleza, las hojas y la hierba se ha prohibido en los vertederos porque los residuos biodegradables en los vertederos se descomponen en biog\u00e1s que contiene metano, que si no se captura es un potente gas de efecto invernadero que da\u00f1a el medio ambiente. Adem\u00e1s, gran parte de este material se recicla f\u00e1cilmente en productos finales muy valiosos como combustible, mantillo y enmiendas del suelo. Aparte de los beneficios econ\u00f3micos de la producci\u00f3n de compost en grandes cantidades, estudios bien publicados han confirmado el impacto positivo del compost en el secuestro de CO2 y la mejora de la salud del suelo.<\/p>\t\t\t\t\t\t\t\t<\/div>\n\t\t\t\t<\/div>\n\t\t\t\t\t<\/div>\n\t\t<\/div>\n\t\t\t\t\t<\/div>\n\t\t<\/section>\n\t\t<div class=\"elementor-element elementor-element-9b0c741 e-flex e-con-boxed e-con e-parent\" data-id=\"9b0c741\" data-element_type=\"container\" data-e-type=\"container\">\n\t\t\t\t\t<div class=\"e-con-inner\">\n\t\t\t\t<div class=\"elementor-element elementor-element-8d7086d elementor-widget-divider--view-line elementor-invisible elementor-widget elementor-widget-divider\" data-id=\"8d7086d\" data-element_type=\"widget\" data-e-type=\"widget\" data-settings=\"{&quot;_animation&quot;:&quot;fadeInUp&quot;}\" data-widget_type=\"divider.default\">\n\t\t\t\t<div class=\"elementor-widget-container\">\n\t\t\t\t\t\t\t<div class=\"elementor-divider\">\n\t\t\t<span class=\"elementor-divider-separator\">\n\t\t\t\t\t\t<\/span>\n\t\t<\/div>\n\t\t\t\t\t\t<\/div>\n\t\t\t\t<\/div>\n\t\t\t\t\t<\/div>\n\t\t\t\t<\/div>\n\t\t\t\t<section class=\"elementor-section elementor-top-section elementor-element elementor-element-11371051 elementor-section-full_width elementor-section-height-default elementor-section-height-default elementor-invisible\" data-id=\"11371051\" data-element_type=\"section\" data-e-type=\"section\" data-settings=\"{&quot;background_background&quot;:&quot;classic&quot;,&quot;animation&quot;:&quot;fadeInUp&quot;}\">\n\t\t\t\t\t\t<div class=\"elementor-container elementor-column-gap-default\">\n\t\t\t\t\t<div class=\"elementor-column elementor-col-50 elementor-top-column elementor-element elementor-element-36c40036\" data-id=\"36c40036\" data-element_type=\"column\" data-e-type=\"column\">\n\t\t\t<div class=\"elementor-widget-wrap elementor-element-populated\">\n\t\t\t\t\t\t<div class=\"elementor-element elementor-element-9b1431f elementor-widget elementor-widget-elementskit-heading\" data-id=\"9b1431f\" data-element_type=\"widget\" data-e-type=\"widget\" data-widget_type=\"elementskit-heading.default\">\n\t\t\t\t<div class=\"elementor-widget-container\">\n\t\t\t\t\t<div class=\"ekit-wid-con\" ><div class=\"ekit-heading elementskit-section-title-wraper text_left   ekit_heading_tablet-   ekit_heading_mobile-text_center\"><h2 class=\"ekit-heading--title elementskit-section-title\">Residuos de jardiner\u00eda<\/h2><\/div><\/div>\t\t\t\t<\/div>\n\t\t\t\t<\/div>\n\t\t\t\t<div class=\"elementor-element elementor-element-55b842ac elementor-widget elementor-widget-text-editor\" data-id=\"55b842ac\" data-element_type=\"widget\" data-e-type=\"widget\" data-widget_type=\"text-editor.default\">\n\t\t\t\t<div class=\"elementor-widget-container\">\n\t\t\t\t\t\t\t\t\t<p>Unimax fabrica trituradoras de residuos de jardiner\u00eda l\u00edderes en la industria para una gran variedad de usos. En muchos estados, los residuos de jardiner\u00eda, material org\u00e1nico vegetal verde como maleza, hojas, hierba, etc. han sido prohibidos en los vertederos porque los residuos biodegradables en los vertederos se descomponen en biog\u00e1s que contiene metano, que si no se captura es un potente gas de efecto invernadero que da\u00f1a el medio ambiente. Adem\u00e1s, gran parte de este material se recicla f\u00e1cilmente en productos finales muy aprovechables y vendibles, como combustible, mantillo y enmiendas del suelo. <\/p>\t\t\t\t\t\t\t\t<\/div>\n\t\t\t\t<\/div>\n\t\t\t\t\t<\/div>\n\t\t<\/div>\n\t\t\t\t<div class=\"elementor-column elementor-col-50 elementor-top-column elementor-element elementor-element-1f75b8ac\" data-id=\"1f75b8ac\" data-element_type=\"column\" data-e-type=\"column\" data-settings=\"{&quot;background_background&quot;:&quot;classic&quot;}\">\n\t\t\t<div class=\"elementor-widget-wrap\">\n\t\t\t\t\t\t\t<\/div>\n\t\t<\/div>\n\t\t\t\t\t<\/div>\n\t\t<\/section>\n\t\t<div class=\"elementor-element elementor-element-813920e e-flex e-con-boxed e-con e-parent\" data-id=\"813920e\" data-element_type=\"container\" data-e-type=\"container\">\n\t\t\t\t\t<div class=\"e-con-inner\">\n\t\t\t\t<div class=\"elementor-element elementor-element-1ac986c elementor-widget-divider--view-line elementor-invisible elementor-widget elementor-widget-divider\" data-id=\"1ac986c\" data-element_type=\"widget\" data-e-type=\"widget\" data-settings=\"{&quot;_animation&quot;:&quot;fadeInUp&quot;}\" data-widget_type=\"divider.default\">\n\t\t\t\t<div class=\"elementor-widget-container\">\n\t\t\t\t\t\t\t<div class=\"elementor-divider\">\n\t\t\t<span class=\"elementor-divider-separator\">\n\t\t\t\t\t\t<\/span>\n\t\t<\/div>\n\t\t\t\t\t\t<\/div>\n\t\t\t\t<\/div>\n\t\t\t\t\t<\/div>\n\t\t\t\t<\/div>\n\t\t\t\t<section class=\"elementor-section elementor-top-section elementor-element elementor-element-ebf10d3 elementor-section-full_width elementor-section-height-default elementor-section-height-default elementor-invisible\" data-id=\"ebf10d3\" data-element_type=\"section\" data-e-type=\"section\" data-settings=\"{&quot;background_background&quot;:&quot;classic&quot;,&quot;animation&quot;:&quot;fadeInUp&quot;}\">\n\t\t\t\t\t\t<div class=\"elementor-container elementor-column-gap-default\">\n\t\t\t\t\t<div class=\"elementor-column elementor-col-50 elementor-top-column elementor-element elementor-element-7b932f9\" data-id=\"7b932f9\" data-element_type=\"column\" data-e-type=\"column\" data-settings=\"{&quot;background_background&quot;:&quot;classic&quot;}\">\n\t\t\t<div class=\"elementor-widget-wrap\">\n\t\t\t\t\t\t\t<\/div>\n\t\t<\/div>\n\t\t\t\t<div class=\"elementor-column elementor-col-50 elementor-top-column elementor-element elementor-element-06c8e12\" data-id=\"06c8e12\" data-element_type=\"column\" data-e-type=\"column\">\n\t\t\t<div class=\"elementor-widget-wrap elementor-element-populated\">\n\t\t\t\t\t\t<div class=\"elementor-element elementor-element-6a103e2 elementor-widget elementor-widget-elementskit-heading\" data-id=\"6a103e2\" data-element_type=\"widget\" data-e-type=\"widget\" data-widget_type=\"elementskit-heading.default\">\n\t\t\t\t<div class=\"elementor-widget-container\">\n\t\t\t\t\t<div class=\"ekit-wid-con\" ><div class=\"ekit-heading elementskit-section-title-wraper text_left   ekit_heading_tablet-   ekit_heading_mobile-text_center\"><h2 class=\"ekit-heading--title elementskit-section-title\">Mantillo<\/h2><\/div><\/div>\t\t\t\t<\/div>\n\t\t\t\t<\/div>\n\t\t\t\t<div class=\"elementor-element elementor-element-5eca366 elementor-widget__width-initial elementor-widget elementor-widget-text-editor\" data-id=\"5eca366\" data-element_type=\"widget\" data-e-type=\"widget\" data-widget_type=\"text-editor.default\">\n\t\t\t\t<div class=\"elementor-widget-container\">\n\t\t\t\t\t\t\t\t\t<p>Las trituradoras de mantillo son una forma excelente de liberar espacio en su jard\u00edn y crear al mismo tiempo un valioso producto final. Los restos de madera procedentes de la construcci\u00f3n y el desmonte, la corteza de los aserraderos y la madera limpia derivada de la construcci\u00f3n se procesan a menudo a trav\u00e9s de trituradoras de mantillo y se reciclan. Se produce triturando el material en una variedad de tama\u00f1os diferentes para distintas aplicaciones. Desde material de grado grueso para el control de la erosi\u00f3n, hasta mantillo m\u00e1s fino para uso comercial o residencial (frecuentemente coloreado por est\u00e9tica). Las trituradoras Unimax pueden configurarse con una variedad de puntas y cribas para garantizar que se cumpla el tama\u00f1o de especificaci\u00f3n deseado para su mantillo.<\/p>\t\t\t\t\t\t\t\t<\/div>\n\t\t\t\t<\/div>\n\t\t\t\t\t<\/div>\n\t\t<\/div>\n\t\t\t\t\t<\/div>\n\t\t<\/section>\n\t\t\t\t<\/div>","protected":false},"excerpt":{"rendered":"<p>Organics Overview Organic recycling markets prevent materials such as green waste, &#8230; <\/p>","protected":false},"author":1,"featured_media":0,"parent":0,"menu_order":0,"comment_status":"closed","ping_status":"closed","template":"","meta":{"footnotes":""},"class_list":["post-2608","page","type-page","status-publish","hentry"],"_links":{"self":[{"href":"https:\/\/unimaxcn.com\/es\/wp-json\/wp\/v2\/pages\/2608","targetHints":{"allow":["GET"]}}],"collection":[{"href":"https:\/\/unimaxcn.com\/es\/wp-json\/wp\/v2\/pages"}],"about":[{"href":"https:\/\/unimaxcn.com\/es\/wp-json\/wp\/v2\/types\/page"}],"author":[{"embeddable":true,"href":"https:\/\/unimaxcn.com\/es\/wp-json\/wp\/v2\/users\/1"}],"replies":[{"embeddable":true,"href":"https:\/\/unimaxcn.com\/es\/wp-json\/wp\/v2\/comments?post=2608"}],"version-history":[{"count":27,"href":"https:\/\/unimaxcn.com\/es\/wp-json\/wp\/v2\/pages\/2608\/revisions"}],"predecessor-version":[{"id":2664,"href":"https:\/\/unimaxcn.com\/es\/wp-json\/wp\/v2\/pages\/2608\/revisions\/2664"}],"wp:attachment":[{"href":"https:\/\/unimaxcn.com\/es\/wp-json\/wp\/v2\/media?parent=2608"}],"curies":[{"name":"wp","href":"https:\/\/api.w.org\/{rel}","templated":true}]}}