{"id":2589,"date":"2025-03-27T06:07:04","date_gmt":"2025-03-27T06:07:04","guid":{"rendered":"https:\/\/unimaxcn.com\/?page_id=2589"},"modified":"2025-03-27T06:51:23","modified_gmt":"2025-03-27T06:51:23","slug":"industries-applications-recycling","status":"publish","type":"page","link":"https:\/\/unimaxcn.com\/es\/industrias-aplicaciones-reciclaje\/","title":{"rendered":"Reciclado"},"content":{"rendered":"<div data-elementor-type=\"wp-page\" data-elementor-id=\"2589\" class=\"elementor elementor-2589\" data-elementor-post-type=\"page\">\n\t\t\t\t<div class=\"elementor-element elementor-element-2d89d64 e-flex e-con-boxed e-con e-parent\" data-id=\"2d89d64\" data-element_type=\"container\" data-e-type=\"container\">\n\t\t\t\t\t<div class=\"e-con-inner\">\n\t\t\t\t<div class=\"elementor-element elementor-element-0d9cbaf elementor-widget elementor-widget-heading\" data-id=\"0d9cbaf\" data-element_type=\"widget\" data-e-type=\"widget\" data-widget_type=\"heading.default\">\n\t\t\t\t<div class=\"elementor-widget-container\">\n\t\t\t\t\t<h2 class=\"elementor-heading-title elementor-size-default\">Panorama del reciclaje\n<\/h2>\t\t\t\t<\/div>\n\t\t\t\t<\/div>\n\t\t\t\t\t<\/div>\n\t\t\t\t<\/div>\n\t\t<div class=\"elementor-element elementor-element-a0bba6e e-flex e-con-boxed e-con e-parent\" data-id=\"a0bba6e\" data-element_type=\"container\" data-e-type=\"container\">\n\t\t\t\t\t<div class=\"e-con-inner\">\n\t\t\t\t<div class=\"elementor-element elementor-element-9ce849d elementor-widget elementor-widget-text-editor\" data-id=\"9ce849d\" data-element_type=\"widget\" data-e-type=\"widget\" data-widget_type=\"text-editor.default\">\n\t\t\t\t<div class=\"elementor-widget-container\">\n\t\t\t\t\t\t\t\t\t<p><span style=\"font-family: Arial; font-size: 16px; color: #000000;\">La actividad de la construcci\u00f3n y las infraestructuras aumenta la demanda de reciclaje de residuos de madera, escombros de demolici\u00f3n, postes telef\u00f3nicos, tejas de asfalto e incluso traviesas de ferrocarril. Los profesionales del reciclaje se encuentran con materiales dif\u00edciles de procesar y a menudo contaminados en la industria actual. Las m\u00e1quinas Unimax est\u00e1n \"sobredimensionadas\" por dise\u00f1o para prosperar en las aplicaciones de reciclaje modernas.<\/span><br \/><span style=\"font-family: Arial; font-size: 16px; color: #000000;\">Los rotores de acero macizo, la detecci\u00f3n de metales, la defensa contra el pasador de cizallamiento y el dise\u00f1o reforzado de la caja de cizallamiento proporcionan a los operadores de Unimax una ventaja cuando procesan grandes vol\u00famenes de estos materiales dif\u00edciles.<\/span><br \/><span style=\"font-family: Arial; font-size: 16px; color: #000000;\">La naturaleza cambiante de los mercados de reciclaje exige equipos que puedan adaptarse. Las trituradoras Unimax ofrecen a los propietarios la mayor libertad de personalizaci\u00f3n del sector. Las puntas, las cribas y los controles sin restricciones pueden adaptarse a un equilibrio exacto de m\u00e1xima producci\u00f3n y tama\u00f1os precisos del producto final. <\/span><br \/><br \/><\/p>\t\t\t\t\t\t\t\t<\/div>\n\t\t\t\t<\/div>\n\t\t\t\t\t<\/div>\n\t\t\t\t<\/div>\n\t\t<div class=\"elementor-element elementor-element-8f6c0c1 e-flex e-con-boxed e-con e-parent\" data-id=\"8f6c0c1\" data-element_type=\"container\" data-e-type=\"container\">\n\t\t\t\t\t<div class=\"e-con-inner\">\n\t\t\t\t<div class=\"elementor-element elementor-element-0596970 elementor-widget elementor-widget-heading\" data-id=\"0596970\" data-element_type=\"widget\" data-e-type=\"widget\" data-widget_type=\"heading.default\">\n\t\t\t\t<div class=\"elementor-widget-container\">\n\t\t\t\t\t<h2 class=\"elementor-heading-title elementor-size-default\">Casos pr\u00e1cticos de aplicaciones de reciclado<\/h2>\t\t\t\t<\/div>\n\t\t\t\t<\/div>\n\t\t\t\t\t<\/div>\n\t\t\t\t<\/div>\n\t\t<div class=\"elementor-element elementor-element-c71c1ad e-flex e-con-boxed e-con e-parent\" data-id=\"c71c1ad\" data-element_type=\"container\" data-e-type=\"container\">\n\t\t\t\t\t<div class=\"e-con-inner\">\n\t\t\t\t<div class=\"elementor-element elementor-element-8169c7e elementor-widget-divider--view-line elementor-invisible elementor-widget elementor-widget-divider\" data-id=\"8169c7e\" data-element_type=\"widget\" data-e-type=\"widget\" data-settings=\"{&quot;_animation&quot;:&quot;fadeInUp&quot;}\" data-widget_type=\"divider.default\">\n\t\t\t\t<div class=\"elementor-widget-container\">\n\t\t\t\t\t\t\t<div class=\"elementor-divider\">\n\t\t\t<span class=\"elementor-divider-separator\">\n\t\t\t\t\t\t<\/span>\n\t\t<\/div>\n\t\t\t\t\t\t<\/div>\n\t\t\t\t<\/div>\n\t\t\t\t\t<\/div>\n\t\t\t\t<\/div>\n\t\t\t\t<section class=\"elementor-section elementor-top-section elementor-element elementor-element-20283a elementor-section-full_width elementor-section-height-default elementor-section-height-default elementor-invisible\" data-id=\"20283a\" data-element_type=\"section\" data-e-type=\"section\" data-settings=\"{&quot;background_background&quot;:&quot;classic&quot;,&quot;animation&quot;:&quot;fadeInUp&quot;}\">\n\t\t\t\t\t\t<div class=\"elementor-container elementor-column-gap-default\">\n\t\t\t\t\t<div class=\"elementor-column elementor-col-50 elementor-top-column elementor-element elementor-element-205099f1\" data-id=\"205099f1\" data-element_type=\"column\" data-e-type=\"column\" data-settings=\"{&quot;background_background&quot;:&quot;classic&quot;}\">\n\t\t\t<div class=\"elementor-widget-wrap\">\n\t\t\t\t\t\t\t<\/div>\n\t\t<\/div>\n\t\t\t\t<div class=\"elementor-column elementor-col-50 elementor-top-column elementor-element elementor-element-43741019\" data-id=\"43741019\" data-element_type=\"column\" data-e-type=\"column\">\n\t\t\t<div class=\"elementor-widget-wrap elementor-element-populated\">\n\t\t\t\t\t\t<div class=\"elementor-element elementor-element-25a7a54f elementor-widget__width-initial elementor-widget elementor-widget-elementskit-heading\" data-id=\"25a7a54f\" data-element_type=\"widget\" data-e-type=\"widget\" data-widget_type=\"elementskit-heading.default\">\n\t\t\t\t<div class=\"elementor-widget-container\">\n\t\t\t\t\t<div class=\"ekit-wid-con\" ><div class=\"ekit-heading elementskit-section-title-wraper text_left   ekit_heading_tablet-   ekit_heading_mobile-text_center\"><h2 class=\"ekit-heading--title elementskit-section-title\">Equipos de reciclaje de residuos de la construcci\u00f3n<\/h2><\/div><\/div>\t\t\t\t<\/div>\n\t\t\t\t<\/div>\n\t\t\t\t<div class=\"elementor-element elementor-element-535a1b90 elementor-widget__width-initial elementor-widget elementor-widget-text-editor\" data-id=\"535a1b90\" data-element_type=\"widget\" data-e-type=\"widget\" data-widget_type=\"text-editor.default\">\n\t\t\t\t<div class=\"elementor-widget-container\">\n\t\t\t\t\t\t\t\t\t<p>Las m\u00e1quinas extremadamente resistentes y duraderas de Unimax las hacen ideales para el reciclaje de residuos de la construcci\u00f3n. Se espera que la generaci\u00f3n de escombros de reciclaje de construcci\u00f3n y demolici\u00f3n se duplique en todo el mundo para 2025. Para satisfacer la creciente demanda de reciclaje debida al aumento de la actividad de la construcci\u00f3n. Unimax puede proporcionar sistemas personalizados completos y trituradoras m\u00f3viles de reciclaje de C&amp;D en funci\u00f3n de las necesidades del contratista. Las trituradoras de alta resistencia de Unimax est\u00e1n construidas de forma \u00fanica para superar los retos de la contaminaci\u00f3n en esta industria.<\/p>\t\t\t\t\t\t\t\t<\/div>\n\t\t\t\t<\/div>\n\t\t\t\t\t<\/div>\n\t\t<\/div>\n\t\t\t\t\t<\/div>\n\t\t<\/section>\n\t\t<div class=\"elementor-element elementor-element-9b0c741 e-flex e-con-boxed e-con e-parent\" data-id=\"9b0c741\" data-element_type=\"container\" data-e-type=\"container\">\n\t\t\t\t\t<div class=\"e-con-inner\">\n\t\t\t\t<div class=\"elementor-element elementor-element-8d7086d elementor-widget-divider--view-line elementor-invisible elementor-widget elementor-widget-divider\" data-id=\"8d7086d\" data-element_type=\"widget\" data-e-type=\"widget\" data-settings=\"{&quot;_animation&quot;:&quot;fadeInUp&quot;}\" data-widget_type=\"divider.default\">\n\t\t\t\t<div class=\"elementor-widget-container\">\n\t\t\t\t\t\t\t<div class=\"elementor-divider\">\n\t\t\t<span class=\"elementor-divider-separator\">\n\t\t\t\t\t\t<\/span>\n\t\t<\/div>\n\t\t\t\t\t\t<\/div>\n\t\t\t\t<\/div>\n\t\t\t\t\t<\/div>\n\t\t\t\t<\/div>\n\t\t\t\t<section class=\"elementor-section elementor-top-section elementor-element elementor-element-11371051 elementor-section-full_width elementor-section-height-default elementor-section-height-default elementor-invisible\" data-id=\"11371051\" data-element_type=\"section\" data-e-type=\"section\" data-settings=\"{&quot;background_background&quot;:&quot;classic&quot;,&quot;animation&quot;:&quot;fadeInUp&quot;}\">\n\t\t\t\t\t\t<div class=\"elementor-container elementor-column-gap-default\">\n\t\t\t\t\t<div class=\"elementor-column elementor-col-50 elementor-top-column elementor-element elementor-element-36c40036\" data-id=\"36c40036\" data-element_type=\"column\" data-e-type=\"column\">\n\t\t\t<div class=\"elementor-widget-wrap elementor-element-populated\">\n\t\t\t\t\t\t<div class=\"elementor-element elementor-element-9b1431f elementor-widget elementor-widget-elementskit-heading\" data-id=\"9b1431f\" data-element_type=\"widget\" data-e-type=\"widget\" data-widget_type=\"elementskit-heading.default\">\n\t\t\t\t<div class=\"elementor-widget-container\">\n\t\t\t\t\t<div class=\"ekit-wid-con\" ><div class=\"ekit-heading elementskit-section-title-wraper text_left   ekit_heading_tablet-   ekit_heading_mobile-text_center\"><h2 class=\"ekit-heading--title elementskit-section-title\">Reciclaje de traviesas de ferrocarril<\/h2><\/div><\/div>\t\t\t\t<\/div>\n\t\t\t\t<\/div>\n\t\t\t\t<div class=\"elementor-element elementor-element-55b842ac elementor-widget elementor-widget-text-editor\" data-id=\"55b842ac\" data-element_type=\"widget\" data-e-type=\"widget\" data-widget_type=\"text-editor.default\">\n\t\t\t\t<div class=\"elementor-widget-container\">\n\t\t\t\t\t\t\t\t\t<p>Las traviesas de ferrocarril, por su dise\u00f1o, est\u00e1n hechas de la madera m\u00e1s dura y a menudo son las m\u00e1s contaminadas con acero, raz\u00f3n por la cual Unimax dise\u00f1a potentes amoladoras y sistemas ideales para el amolado de traviesas de ferrocarril. <br \/>La UMD1600 de Unimax es una trituradora para trabajos pesados dise\u00f1ada para ofrecer resistencia al triturar restos de demolici\u00f3n contaminados, \u00e1rboles enteros, restos de tormentas, talas y tocones. En pocas palabras, la UMD1600 puede hacer lo que otras trituradoras de su clase no pueden. Cuatro rotores intercambiables proporcionan a esta trituradora la versatilidad necesaria para los cambiantes mercados actuales.<\/p>\t\t\t\t\t\t\t\t<\/div>\n\t\t\t\t<\/div>\n\t\t\t\t\t<\/div>\n\t\t<\/div>\n\t\t\t\t<div class=\"elementor-column elementor-col-50 elementor-top-column elementor-element elementor-element-1f75b8ac\" data-id=\"1f75b8ac\" data-element_type=\"column\" data-e-type=\"column\" data-settings=\"{&quot;background_background&quot;:&quot;classic&quot;}\">\n\t\t\t<div class=\"elementor-widget-wrap\">\n\t\t\t\t\t\t\t<\/div>\n\t\t<\/div>\n\t\t\t\t\t<\/div>\n\t\t<\/section>\n\t\t\t\t<\/div>","protected":false},"excerpt":{"rendered":"<p>Recycling Overview Construction and infrastructure activity increase the demand to recycle &#8230; <\/p>","protected":false},"author":1,"featured_media":0,"parent":0,"menu_order":0,"comment_status":"closed","ping_status":"closed","template":"","meta":{"footnotes":""},"class_list":["post-2589","page","type-page","status-publish","hentry"],"_links":{"self":[{"href":"https:\/\/unimaxcn.com\/es\/wp-json\/wp\/v2\/pages\/2589","targetHints":{"allow":["GET"]}}],"collection":[{"href":"https:\/\/unimaxcn.com\/es\/wp-json\/wp\/v2\/pages"}],"about":[{"href":"https:\/\/unimaxcn.com\/es\/wp-json\/wp\/v2\/types\/page"}],"author":[{"embeddable":true,"href":"https:\/\/unimaxcn.com\/es\/wp-json\/wp\/v2\/users\/1"}],"replies":[{"embeddable":true,"href":"https:\/\/unimaxcn.com\/es\/wp-json\/wp\/v2\/comments?post=2589"}],"version-history":[{"count":10,"href":"https:\/\/unimaxcn.com\/es\/wp-json\/wp\/v2\/pages\/2589\/revisions"}],"predecessor-version":[{"id":2609,"href":"https:\/\/unimaxcn.com\/es\/wp-json\/wp\/v2\/pages\/2589\/revisions\/2609"}],"wp:attachment":[{"href":"https:\/\/unimaxcn.com\/es\/wp-json\/wp\/v2\/media?parent=2589"}],"curies":[{"name":"wp","href":"https:\/\/api.w.org\/{rel}","templated":true}]}}